{"id":145805,"date":"2021-03-17T14:13:24","date_gmt":"2021-03-17T13:13:24","guid":{"rendered":"https:\/\/stage.rechner-sensors.com\/?page_id=145805"},"modified":"2021-03-17T14:13:24","modified_gmt":"2021-03-17T13:13:24","slug":"login","status":"publish","type":"page","link":"https:\/\/stage.rechner-sensors.com\/en\/login","title":{"rendered":"Login"},"content":{"rendered":"<div class=\"wpb-content-wrapper\">[vc_row][vc_column][vc_column_text]\n<h1>Login<\/h1>\n<div id=\"wppb-login-wrap\" class=\"wppb-user-forms\">\n\t\t<form name=\"wppb-loginform\" id=\"wppb-loginform\" class=\"\" action=\"https:\/\/stage.rechner-sensors.com\/en\/wp-json\/wp\/v2\/pages\/145805\" method=\"post\">\n\t\t\t\n\t\t\t<p class=\"wppb-form-field login-username\">\n\t\t\t\t<label for=\"wppb_user_login\">Username or Email<\/label>\n\t\t\t\t<input type=\"text\" name=\"log\" id=\"wppb_user_login\" class=\"input\" value=\"\" size=\"20\" \/>\n\t\t\t<\/p>\n\t\t\t<p class=\"wppb-form-field login-password\">\n\t\t\t\t<label for=\"wppb_user_pass\">Password<\/label>\n\t\t\t\t<span class=\"wppb-password-field-container\">\n\t\t\t\t    <input type=\"password\" name=\"pwd\" id=\"wppb_user_pass\" class=\"input\" value=\"\" size=\"20\" \/>\n\t\t\t\t     <!-- add the HTML for the visibility toggle -->\n\t\t\t\t<\/span>\n            <\/p>\n\t\t\t\n\t\t\t\n\t\t\t<p class=\"wppb-form-field login-remember\"><input name=\"rememberme\" type=\"checkbox\" id=\"rememberme\" value=\"forever\" \/><label for=\"rememberme\">Remember Me<\/label><\/p>\n\t\t\t<p class=\"login-submit form-submit\">\n\t\t\t\t<input type=\"submit\" name=\"wp-submit\" id=\"wppb-submit\" class=\"button button-primary\" value=\"Log In\"\" \/>\n\t\t\t\t<input type=\"hidden\" name=\"redirect_to\" value=\"https:\/\/stage.rechner-sensors.com\/en\/wp-json\/wp\/v2\/pages\/145805\" \/>\n\t\t\t<\/p>\n\t\t\t<input type=\"hidden\" name=\"wppb_login\" value=\"true\"\/>\n\t\t\t<input type=\"hidden\" name=\"wppb_form_location\" value=\"widget\"\/>\n\t\t\t<input type=\"hidden\" name=\"wppb_request_url\" value=\"https:\/\/stage.rechner-sensors.com\/en\/wp-json\/wp\/v2\/pages\/145805\"\/>\n\t\t\t<input type=\"hidden\" name=\"wppb_lostpassword_url\" value=\"\"\/>\n\t\t\t<input type=\"hidden\" name=\"wppb_redirect_priority\" value=\"\"\/>\n\t\t\t<input type=\"hidden\" name=\"wppb_referer_url\" value=\"\"\/>\n\t\t\t<input type=\"hidden\" id=\"CSRFToken-wppb\" name=\"CSRFToken-wppb\" value=\"a9da1aefe9\" \/><input type=\"hidden\" name=\"_wp_http_referer\" value=\"\/en\/wp-json\/wp\/v2\/pages\/145805\" \/>\n\t\t\t<input type=\"hidden\" name=\"wppb_redirect_check\" value=\"true\"\/>\n\t\t\t\n\t\t<\/form><\/div>[\/vc_column_text][\/vc_column][\/vc_row]\n<\/div>","protected":false},"excerpt":{"rendered":"<p>[vc_row][vc_column][vc_column_text] Login [\/vc_column_text][\/vc_column][\/vc_row]<\/p>\n","protected":false},"author":1,"featured_media":180487,"parent":0,"menu_order":0,"comment_status":"closed","ping_status":"closed","template":"","meta":{"_acf_changed":false,"inline_featured_image":false,"footnotes":""},"class_list":["post-145805","page","type-page","status-publish","has-post-thumbnail","hentry","entry","post-inner"],"acf":[],"yoast_head":"<!-- This site is optimized with the Yoast SEO plugin v27.0 - https:\/\/yoast.com\/product\/yoast-seo-wordpress\/ -->\n<title>Login - Rechner Sensors<\/title>\n<meta name=\"robots\" content=\"noindex, follow, max-snippet:-1, max-image-preview:large, max-video-preview:-1\" \/>\n<meta property=\"og:locale\" content=\"en_US\" \/>\n<meta property=\"og:type\" content=\"article\" \/>\n<meta property=\"og:title\" content=\"Login - Rechner Sensors\" \/>\n<meta property=\"og:description\" content=\"[vc_row][vc_column][vc_column_text] Login [\/vc_column_text][\/vc_column][\/vc_row]\" \/>\n<meta property=\"og:url\" content=\"https:\/\/stage.rechner-sensors.com\/en\/login\" \/>\n<meta property=\"og:site_name\" content=\"Rechner Sensors\" \/>\n<meta property=\"og:image\" content=\"https:\/\/stage.rechner-sensors.com\/wp-content\/uploads\/2016\/11\/water_drops_products_bg.jpg\" \/>\n\t<meta property=\"og:image:width\" content=\"2010\" \/>\n\t<meta property=\"og:image:height\" content=\"148\" \/>\n\t<meta property=\"og:image:type\" content=\"image\/jpeg\" \/>\n<meta name=\"twitter:card\" content=\"summary_large_image\" \/>\n<script type=\"application\/ld+json\" class=\"yoast-schema-graph\">{\"@context\":\"https:\/\/schema.org\",\"@graph\":[{\"@type\":\"WebPage\",\"@id\":\"https:\/\/stage.rechner-sensors.com\/en\/login\",\"url\":\"https:\/\/stage.rechner-sensors.com\/en\/login\",\"name\":\"Login - Rechner Sensors\",\"isPartOf\":{\"@id\":\"https:\/\/stage.rechner-sensors.com\/en#website\"},\"primaryImageOfPage\":{\"@id\":\"https:\/\/stage.rechner-sensors.com\/en\/login#primaryimage\"},\"image\":{\"@id\":\"https:\/\/stage.rechner-sensors.com\/en\/login#primaryimage\"},\"thumbnailUrl\":\"https:\/\/stage.rechner-sensors.com\/wp-content\/uploads\/2022\/04\/Login_schluessel_wolke_download..png\",\"datePublished\":\"2021-03-17T13:13:24+00:00\",\"breadcrumb\":{\"@id\":\"https:\/\/stage.rechner-sensors.com\/en\/login#breadcrumb\"},\"inLanguage\":\"en-US\",\"potentialAction\":[{\"@type\":\"ReadAction\",\"target\":[\"https:\/\/stage.rechner-sensors.com\/en\/login\"]}]},{\"@type\":\"ImageObject\",\"inLanguage\":\"en-US\",\"@id\":\"https:\/\/stage.rechner-sensors.com\/en\/login#primaryimage\",\"url\":\"https:\/\/stage.rechner-sensors.com\/wp-content\/uploads\/2022\/04\/Login_schluessel_wolke_download..png\",\"contentUrl\":\"https:\/\/stage.rechner-sensors.com\/wp-content\/uploads\/2022\/04\/Login_schluessel_wolke_download..png\",\"width\":5935,\"height\":437},{\"@type\":\"BreadcrumbList\",\"@id\":\"https:\/\/stage.rechner-sensors.com\/en\/login#breadcrumb\",\"itemListElement\":[{\"@type\":\"ListItem\",\"position\":1,\"name\":\"Start\",\"item\":\"https:\/\/stage.rechner-sensors.com\/en\"},{\"@type\":\"ListItem\",\"position\":2,\"name\":\"Login\"}]},{\"@type\":\"WebSite\",\"@id\":\"https:\/\/stage.rechner-sensors.com\/en#website\",\"url\":\"https:\/\/stage.rechner-sensors.com\/en\",\"name\":\"Rechner Sensors\",\"description\":\"[:de]Marktf\u00fchrer in kapazitiver Sensortechnologie und Qualit\u00e4t.[:en]Capacitive Sensors \u2013 for more than 50 years our special field.[:fr]Les capteurs capacitifs \u2013 depuis plus de 50 ans notre c\u0153ur de m\u00e9tier.[:es]Sensores capacitivos - desde m\u00e1s de 50 a\u00f1os nuestro campo de especialidad.[:it]Sensores capacitivos - desde m\u00e1s de 50 a\u00f1os nuestro campo de especialidad.[:]\",\"potentialAction\":[{\"@type\":\"SearchAction\",\"target\":{\"@type\":\"EntryPoint\",\"urlTemplate\":\"https:\/\/stage.rechner-sensors.com\/en?s={search_term_string}\"},\"query-input\":{\"@type\":\"PropertyValueSpecification\",\"valueRequired\":true,\"valueName\":\"search_term_string\"}}],\"inLanguage\":\"en-US\"}]}<\/script>\n<!-- \/ Yoast SEO plugin. -->","yoast_head_json":{"title":"Login - Rechner Sensors","robots":{"index":"noindex","follow":"follow","max-snippet":"max-snippet:-1","max-image-preview":"max-image-preview:large","max-video-preview":"max-video-preview:-1"},"og_locale":"en_US","og_type":"article","og_title":"Login - Rechner Sensors","og_description":"[vc_row][vc_column][vc_column_text] Login [\/vc_column_text][\/vc_column][\/vc_row]","og_url":"https:\/\/stage.rechner-sensors.com\/en\/login","og_site_name":"Rechner Sensors","og_image":[{"width":2010,"height":148,"url":"https:\/\/stage.rechner-sensors.com\/wp-content\/uploads\/2016\/11\/water_drops_products_bg.jpg","type":"image\/jpeg"}],"twitter_card":"summary_large_image","schema":{"@context":"https:\/\/schema.org","@graph":[{"@type":"WebPage","@id":"https:\/\/stage.rechner-sensors.com\/en\/login","url":"https:\/\/stage.rechner-sensors.com\/en\/login","name":"Login - Rechner Sensors","isPartOf":{"@id":"https:\/\/stage.rechner-sensors.com\/en#website"},"primaryImageOfPage":{"@id":"https:\/\/stage.rechner-sensors.com\/en\/login#primaryimage"},"image":{"@id":"https:\/\/stage.rechner-sensors.com\/en\/login#primaryimage"},"thumbnailUrl":"https:\/\/stage.rechner-sensors.com\/wp-content\/uploads\/2022\/04\/Login_schluessel_wolke_download..png","datePublished":"2021-03-17T13:13:24+00:00","breadcrumb":{"@id":"https:\/\/stage.rechner-sensors.com\/en\/login#breadcrumb"},"inLanguage":"en-US","potentialAction":[{"@type":"ReadAction","target":["https:\/\/stage.rechner-sensors.com\/en\/login"]}]},{"@type":"ImageObject","inLanguage":"en-US","@id":"https:\/\/stage.rechner-sensors.com\/en\/login#primaryimage","url":"https:\/\/stage.rechner-sensors.com\/wp-content\/uploads\/2022\/04\/Login_schluessel_wolke_download..png","contentUrl":"https:\/\/stage.rechner-sensors.com\/wp-content\/uploads\/2022\/04\/Login_schluessel_wolke_download..png","width":5935,"height":437},{"@type":"BreadcrumbList","@id":"https:\/\/stage.rechner-sensors.com\/en\/login#breadcrumb","itemListElement":[{"@type":"ListItem","position":1,"name":"Start","item":"https:\/\/stage.rechner-sensors.com\/en"},{"@type":"ListItem","position":2,"name":"Login"}]},{"@type":"WebSite","@id":"https:\/\/stage.rechner-sensors.com\/en#website","url":"https:\/\/stage.rechner-sensors.com\/en","name":"Rechner Sensors","description":"[:de]Marktf\u00fchrer in kapazitiver Sensortechnologie und Qualit\u00e4t.[:en]Capacitive Sensors \u2013 for more than 50 years our special field.[:fr]Les capteurs capacitifs \u2013 depuis plus de 50 ans notre c\u0153ur de m\u00e9tier.[:es]Sensores capacitivos - desde m\u00e1s de 50 a\u00f1os nuestro campo de especialidad.[:it]Sensores capacitivos - desde m\u00e1s de 50 a\u00f1os nuestro campo de especialidad.[:]","potentialAction":[{"@type":"SearchAction","target":{"@type":"EntryPoint","urlTemplate":"https:\/\/stage.rechner-sensors.com\/en?s={search_term_string}"},"query-input":{"@type":"PropertyValueSpecification","valueRequired":true,"valueName":"search_term_string"}}],"inLanguage":"en-US"}]}},"_links":{"self":[{"href":"https:\/\/stage.rechner-sensors.com\/en\/wp-json\/wp\/v2\/pages\/145805","targetHints":{"allow":["GET"]}}],"collection":[{"href":"https:\/\/stage.rechner-sensors.com\/en\/wp-json\/wp\/v2\/pages"}],"about":[{"href":"https:\/\/stage.rechner-sensors.com\/en\/wp-json\/wp\/v2\/types\/page"}],"author":[{"embeddable":true,"href":"https:\/\/stage.rechner-sensors.com\/en\/wp-json\/wp\/v2\/users\/1"}],"replies":[{"embeddable":true,"href":"https:\/\/stage.rechner-sensors.com\/en\/wp-json\/wp\/v2\/comments?post=145805"}],"version-history":[{"count":0,"href":"https:\/\/stage.rechner-sensors.com\/en\/wp-json\/wp\/v2\/pages\/145805\/revisions"}],"wp:featuredmedia":[{"embeddable":true,"href":"https:\/\/stage.rechner-sensors.com\/en\/wp-json\/wp\/v2\/media\/180487"}],"wp:attachment":[{"href":"https:\/\/stage.rechner-sensors.com\/en\/wp-json\/wp\/v2\/media?parent=145805"}],"curies":[{"name":"wp","href":"https:\/\/api.w.org\/{rel}","templated":true}]}}