{"id":51217,"date":"2016-07-15T13:11:11","date_gmt":"2016-07-15T11:11:11","guid":{"rendered":"https:\/\/wpml.rechner-sensors.com\/videos"},"modified":"2023-05-22T15:08:33","modified_gmt":"2023-05-22T13:08:33","slug":"videos","status":"publish","type":"page","link":"https:\/\/stage.rechner-sensors.com\/en\/documentations\/videos","title":{"rendered":"Videos"},"content":{"rendered":"<div class=\"wpb-content-wrapper\">[vc_row][vc_column width=&#8221;1\/2&#8243;][vc_video link=&#8221;https:\/\/www.youtube.com\/watch?v=rvi9zturySE&#8221; title=&#8221;Gamechanger TiLevel | Our optimized level probe&#8221;][\/vc_column][vc_column width=&#8221;1\/2&#8243;][vc_video link=&#8221;https:\/\/www.youtube.com\/watch?v=T4MFI2s32jo&#8221; title=&#8221;Triple-E | 3 Electrodes Measuring Principle&#8221;][\/vc_column][\/vc_row][vc_row][vc_column width=&#8221;1\/2&#8243;][vc_video link=&#8221;https:\/\/youtu.be\/vuHMq7GfMMo&#8221; title=&#8221;Capacitive Sensor | EasyMount in Action&#8221;][\/vc_column][vc_column width=&#8221;1\/2&#8243;][vc_video link=&#8221;https:\/\/youtu.be\/uYOIYl3UY88&#8243; title=&#8221;Capacitive Level Probe with Integrated Evaluation Electronics #KF0644&#8243;][\/vc_column][\/vc_row][vc_row][vc_column width=&#8221;1\/2&#8243;][vc_video link=&#8221;https:\/\/www.youtube.com\/watch?v=-0QmYcjFoy8&#8243; title=&#8221;Capacitive Leak Sensor | Mount and Go&#8221;][\/vc_column][vc_column width=&#8221;1\/2&#8243;][vc_video link=&#8221;https:\/\/youtu.be\/szo45-mZ4Pg&#8221; title=&#8221;Serie 26 | The Round Ones&#8221;][\/vc_column][\/vc_row][vc_row][vc_column width=&#8221;1\/2&#8243;][vc_video link=&#8221;https:\/\/www.youtube.com\/watch?v=5LechtJ6F9g&#8221; title=&#8221;LevelMaster | Level Control with beer&#8221;][\/vc_column][vc_column width=&#8221;1\/2&#8243;][vc_video link=&#8221;https:\/\/www.youtube.com\/watch?v=ak1yDXqEMEY&#8221; title=&#8221;Adjustment Instructions for Flush Mount Capacitive Sensors&#8221;][\/vc_column][\/vc_row][vc_row][vc_column width=&#8221;1\/2&#8243;][vc_video link=&#8221;https:\/\/youtu.be\/T27OoEi_FyQ&#8221; title=&#8221;Setting Flush Mount Capacitive Proximity Switches | objects on conveyor belt&#8221;][\/vc_column][\/vc_row]\n<\/div>","protected":false},"excerpt":{"rendered":"<p>[vc_row][vc_column width=&#8221;1\/2&#8243;][vc_video link=&#8221;https:\/\/www.youtube.com\/watch?v=rvi9zturySE&#8221; title=&#8221;Gamechanger TiLevel | Our optimized level probe&#8221;][\/vc_column][vc_column width=&#8221;1\/2&#8243;][vc_video link=&#8221;https:\/\/www.youtube.com\/watch?v=T4MFI2s32jo&#8221; title=&#8221;Triple-E | 3 Electrodes Measuring Principle&#8221;][\/vc_column][\/vc_row][vc_row][vc_column width=&#8221;1\/2&#8243;][vc_video link=&#8221;https:\/\/youtu.be\/vuHMq7GfMMo&#8221; title=&#8221;Capacitive Sensor | EasyMount in Action&#8221;][\/vc_column][vc_column width=&#8221;1\/2&#8243;][vc_video link=&#8221;https:\/\/youtu.be\/uYOIYl3UY88&#8243; title=&#8221;Capacitive Level Probe with Integrated Evaluation Electronics #KF0644&#8243;][\/vc_column][\/vc_row][vc_row][vc_column width=&#8221;1\/2&#8243;][vc_video link=&#8221;https:\/\/www.youtube.com\/watch?v=-0QmYcjFoy8&#8243; title=&#8221;Capacitive Leak Sensor | Mount and Go&#8221;][\/vc_column][vc_column width=&#8221;1\/2&#8243;][vc_video link=&#8221;https:\/\/youtu.be\/szo45-mZ4Pg&#8221; title=&#8221;Serie 26 | The Round Ones&#8221;][\/vc_column][\/vc_row][vc_row][vc_column width=&#8221;1\/2&#8243;][vc_video link=&#8221;https:\/\/www.youtube.com\/watch?v=5LechtJ6F9g&#8221; title=&#8221;LevelMaster | Level Control with beer&#8221;][\/vc_column][vc_column width=&#8221;1\/2&#8243;][vc_video link=&#8221;https:\/\/www.youtube.com\/watch?v=ak1yDXqEMEY&#8221; title=&#8221;Adjustment Instructions for Flush Mount Capacitive Sensors&#8221;][\/vc_column][\/vc_row][vc_row][vc_column width=&#8221;1\/2&#8243;][vc_video link=&#8221;https:\/\/youtu.be\/T27OoEi_FyQ&#8221; title=&#8221;Setting Flush Mount Capacitive Proximity Switches | objects on conveyor belt&#8221;][\/vc_column][\/vc_row]<\/p>\n","protected":false},"author":1,"featured_media":119678,"parent":51172,"menu_order":5,"comment_status":"closed","ping_status":"closed","template":"","meta":{"_acf_changed":false,"inline_featured_image":false,"footnotes":""},"class_list":["post-51217","page","type-page","status-publish","has-post-thumbnail","hentry","entry","post-inner"],"acf":[],"yoast_head":"<!-- This site is optimized with the Yoast SEO plugin v27.0 - https:\/\/yoast.com\/product\/yoast-seo-wordpress\/ -->\n<title>Videos - Rechner Sensors<\/title>\n<meta name=\"description\" content=\"Watch our latest videos! RECHNER Sensors is the market leader for capacitive sensor technology. \u2713 Over 1500 sensor models \u2713\" \/>\n<meta name=\"robots\" content=\"noindex, follow, max-snippet:-1, max-image-preview:large, max-video-preview:-1\" \/>\n<meta property=\"og:locale\" content=\"en_US\" \/>\n<meta property=\"og:type\" content=\"article\" \/>\n<meta property=\"og:title\" content=\"Videos - Rechner Sensors\" \/>\n<meta property=\"og:description\" content=\"Watch our latest videos! RECHNER Sensors is the market leader for capacitive sensor technology. \u2713 Over 1500 sensor models \u2713\" \/>\n<meta property=\"og:url\" content=\"https:\/\/stage.rechner-sensors.com\/en\/documentations\/videos\" \/>\n<meta property=\"og:site_name\" content=\"Rechner Sensors\" \/>\n<meta property=\"article:modified_time\" content=\"2023-05-22T13:08:33+00:00\" \/>\n<meta property=\"og:image\" content=\"https:\/\/stage.rechner-sensors.com\/wp-content\/uploads\/2016\/07\/video.jpg\" \/>\n\t<meta property=\"og:image:width\" content=\"2048\" \/>\n\t<meta property=\"og:image:height\" content=\"151\" \/>\n\t<meta property=\"og:image:type\" content=\"image\/jpeg\" \/>\n<meta name=\"twitter:card\" content=\"summary_large_image\" \/>\n<meta name=\"twitter:label1\" content=\"Est. reading time\" \/>\n\t<meta name=\"twitter:data1\" content=\"1 minute\" \/>\n<script type=\"application\/ld+json\" class=\"yoast-schema-graph\">{\"@context\":\"https:\/\/schema.org\",\"@graph\":[{\"@type\":\"WebPage\",\"@id\":\"https:\/\/stage.rechner-sensors.com\/en\/documentations\/videos\",\"url\":\"https:\/\/stage.rechner-sensors.com\/en\/documentations\/videos\",\"name\":\"Videos - Rechner Sensors\",\"isPartOf\":{\"@id\":\"https:\/\/stage.rechner-sensors.com\/en#website\"},\"primaryImageOfPage\":{\"@id\":\"https:\/\/stage.rechner-sensors.com\/en\/documentations\/videos#primaryimage\"},\"image\":{\"@id\":\"https:\/\/stage.rechner-sensors.com\/en\/documentations\/videos#primaryimage\"},\"thumbnailUrl\":\"https:\/\/stage.rechner-sensors.com\/wp-content\/uploads\/2016\/07\/video.jpg\",\"datePublished\":\"2016-07-15T11:11:11+00:00\",\"dateModified\":\"2023-05-22T13:08:33+00:00\",\"description\":\"Watch our latest videos! RECHNER Sensors is the market leader for capacitive sensor technology. \u2713 Over 1500 sensor models \u2713\",\"breadcrumb\":{\"@id\":\"https:\/\/stage.rechner-sensors.com\/en\/documentations\/videos#breadcrumb\"},\"inLanguage\":\"en-US\",\"potentialAction\":[{\"@type\":\"ReadAction\",\"target\":[\"https:\/\/stage.rechner-sensors.com\/en\/documentations\/videos\"]}]},{\"@type\":\"ImageObject\",\"inLanguage\":\"en-US\",\"@id\":\"https:\/\/stage.rechner-sensors.com\/en\/documentations\/videos#primaryimage\",\"url\":\"https:\/\/stage.rechner-sensors.com\/wp-content\/uploads\/2016\/07\/video.jpg\",\"contentUrl\":\"https:\/\/stage.rechner-sensors.com\/wp-content\/uploads\/2016\/07\/video.jpg\",\"width\":2048,\"height\":151,\"caption\":\"Video Film Banner Rechner Sensors\"},{\"@type\":\"BreadcrumbList\",\"@id\":\"https:\/\/stage.rechner-sensors.com\/en\/documentations\/videos#breadcrumb\",\"itemListElement\":[{\"@type\":\"ListItem\",\"position\":1,\"name\":\"Start\",\"item\":\"https:\/\/stage.rechner-sensors.com\/en\"},{\"@type\":\"ListItem\",\"position\":2,\"name\":\"Documentation\",\"item\":\"https:\/\/stage.rechner-sensors.com\/en\/documentations\"},{\"@type\":\"ListItem\",\"position\":3,\"name\":\"Videos\"}]},{\"@type\":\"WebSite\",\"@id\":\"https:\/\/stage.rechner-sensors.com\/en#website\",\"url\":\"https:\/\/stage.rechner-sensors.com\/en\",\"name\":\"Rechner Sensors\",\"description\":\"[:de]Marktf\u00fchrer in kapazitiver Sensortechnologie und Qualit\u00e4t.[:en]Capacitive Sensors \u2013 for more than 50 years our special field.[:fr]Les capteurs capacitifs \u2013 depuis plus de 50 ans notre c\u0153ur de m\u00e9tier.[:es]Sensores capacitivos - desde m\u00e1s de 50 a\u00f1os nuestro campo de especialidad.[:it]Sensores capacitivos - desde m\u00e1s de 50 a\u00f1os nuestro campo de especialidad.[:]\",\"potentialAction\":[{\"@type\":\"SearchAction\",\"target\":{\"@type\":\"EntryPoint\",\"urlTemplate\":\"https:\/\/stage.rechner-sensors.com\/en?s={search_term_string}\"},\"query-input\":{\"@type\":\"PropertyValueSpecification\",\"valueRequired\":true,\"valueName\":\"search_term_string\"}}],\"inLanguage\":\"en-US\"}]}<\/script>\n<!-- \/ Yoast SEO plugin. -->","yoast_head_json":{"title":"Videos - Rechner Sensors","description":"Watch our latest videos! RECHNER Sensors is the market leader for capacitive sensor technology. \u2713 Over 1500 sensor models \u2713","robots":{"index":"noindex","follow":"follow","max-snippet":"max-snippet:-1","max-image-preview":"max-image-preview:large","max-video-preview":"max-video-preview:-1"},"og_locale":"en_US","og_type":"article","og_title":"Videos - Rechner Sensors","og_description":"Watch our latest videos! RECHNER Sensors is the market leader for capacitive sensor technology. \u2713 Over 1500 sensor models \u2713","og_url":"https:\/\/stage.rechner-sensors.com\/en\/documentations\/videos","og_site_name":"Rechner Sensors","article_modified_time":"2023-05-22T13:08:33+00:00","og_image":[{"width":2048,"height":151,"url":"https:\/\/stage.rechner-sensors.com\/wp-content\/uploads\/2016\/07\/video.jpg","type":"image\/jpeg"}],"twitter_card":"summary_large_image","twitter_misc":{"Est. reading time":"1 minute"},"schema":{"@context":"https:\/\/schema.org","@graph":[{"@type":"WebPage","@id":"https:\/\/stage.rechner-sensors.com\/en\/documentations\/videos","url":"https:\/\/stage.rechner-sensors.com\/en\/documentations\/videos","name":"Videos - Rechner Sensors","isPartOf":{"@id":"https:\/\/stage.rechner-sensors.com\/en#website"},"primaryImageOfPage":{"@id":"https:\/\/stage.rechner-sensors.com\/en\/documentations\/videos#primaryimage"},"image":{"@id":"https:\/\/stage.rechner-sensors.com\/en\/documentations\/videos#primaryimage"},"thumbnailUrl":"https:\/\/stage.rechner-sensors.com\/wp-content\/uploads\/2016\/07\/video.jpg","datePublished":"2016-07-15T11:11:11+00:00","dateModified":"2023-05-22T13:08:33+00:00","description":"Watch our latest videos! RECHNER Sensors is the market leader for capacitive sensor technology. \u2713 Over 1500 sensor models \u2713","breadcrumb":{"@id":"https:\/\/stage.rechner-sensors.com\/en\/documentations\/videos#breadcrumb"},"inLanguage":"en-US","potentialAction":[{"@type":"ReadAction","target":["https:\/\/stage.rechner-sensors.com\/en\/documentations\/videos"]}]},{"@type":"ImageObject","inLanguage":"en-US","@id":"https:\/\/stage.rechner-sensors.com\/en\/documentations\/videos#primaryimage","url":"https:\/\/stage.rechner-sensors.com\/wp-content\/uploads\/2016\/07\/video.jpg","contentUrl":"https:\/\/stage.rechner-sensors.com\/wp-content\/uploads\/2016\/07\/video.jpg","width":2048,"height":151,"caption":"Video Film Banner Rechner Sensors"},{"@type":"BreadcrumbList","@id":"https:\/\/stage.rechner-sensors.com\/en\/documentations\/videos#breadcrumb","itemListElement":[{"@type":"ListItem","position":1,"name":"Start","item":"https:\/\/stage.rechner-sensors.com\/en"},{"@type":"ListItem","position":2,"name":"Documentation","item":"https:\/\/stage.rechner-sensors.com\/en\/documentations"},{"@type":"ListItem","position":3,"name":"Videos"}]},{"@type":"WebSite","@id":"https:\/\/stage.rechner-sensors.com\/en#website","url":"https:\/\/stage.rechner-sensors.com\/en","name":"Rechner Sensors","description":"[:de]Marktf\u00fchrer in kapazitiver Sensortechnologie und Qualit\u00e4t.[:en]Capacitive Sensors \u2013 for more than 50 years our special field.[:fr]Les capteurs capacitifs \u2013 depuis plus de 50 ans notre c\u0153ur de m\u00e9tier.[:es]Sensores capacitivos - desde m\u00e1s de 50 a\u00f1os nuestro campo de especialidad.[:it]Sensores capacitivos - desde m\u00e1s de 50 a\u00f1os nuestro campo de especialidad.[:]","potentialAction":[{"@type":"SearchAction","target":{"@type":"EntryPoint","urlTemplate":"https:\/\/stage.rechner-sensors.com\/en?s={search_term_string}"},"query-input":{"@type":"PropertyValueSpecification","valueRequired":true,"valueName":"search_term_string"}}],"inLanguage":"en-US"}]}},"_links":{"self":[{"href":"https:\/\/stage.rechner-sensors.com\/en\/wp-json\/wp\/v2\/pages\/51217","targetHints":{"allow":["GET"]}}],"collection":[{"href":"https:\/\/stage.rechner-sensors.com\/en\/wp-json\/wp\/v2\/pages"}],"about":[{"href":"https:\/\/stage.rechner-sensors.com\/en\/wp-json\/wp\/v2\/types\/page"}],"author":[{"embeddable":true,"href":"https:\/\/stage.rechner-sensors.com\/en\/wp-json\/wp\/v2\/users\/1"}],"replies":[{"embeddable":true,"href":"https:\/\/stage.rechner-sensors.com\/en\/wp-json\/wp\/v2\/comments?post=51217"}],"version-history":[{"count":0,"href":"https:\/\/stage.rechner-sensors.com\/en\/wp-json\/wp\/v2\/pages\/51217\/revisions"}],"up":[{"embeddable":true,"href":"https:\/\/stage.rechner-sensors.com\/en\/wp-json\/wp\/v2\/pages\/51172"}],"wp:featuredmedia":[{"embeddable":true,"href":"https:\/\/stage.rechner-sensors.com\/en\/wp-json\/wp\/v2\/media\/119678"}],"wp:attachment":[{"href":"https:\/\/stage.rechner-sensors.com\/en\/wp-json\/wp\/v2\/media?parent=51217"}],"curies":[{"name":"wp","href":"https:\/\/api.w.org\/{rel}","templated":true}]}}