{"id":52523,"date":"2017-01-23T10:30:34","date_gmt":"2017-01-23T09:30:34","guid":{"rendered":"https:\/\/wpml.rechner-sensors.com\/exhibitions"},"modified":"2023-07-20T11:40:01","modified_gmt":"2023-07-20T09:40:01","slug":"exhibitions","status":"publish","type":"page","link":"https:\/\/stage.rechner-sensors.com\/en\/profile\/exhibitions","title":{"rendered":"Exhibitions"},"content":{"rendered":"<div class=\"wpb-content-wrapper\">[vc_row][vc_column]<table class=\"rhvc_event_table\">\t         <tr class=\"past_event\"><td>23. - 25.05.2023<\/td><td>SPS - Smart Production Solutions | Hall 5 Booth I071<\/td><td>Parma<td><td>Italien<td><td> <a href=\" ?ical_download=true&title=SPS - Smart Production Solutions | Hall 5 Booth I071&city=Parma&country=Italien&start=20230523T000000&end=20230526T000000\"><i class=\"fa fa-calendar\"><\/i><\/a><\/td><\/tr>\t\t    \t         <tr class=\"past_event\"><td>27. - 29.06.2023<\/td><td>South China International Industry Fair | TBD<\/td><td>Shenzhen<td><td>China<td><td> <a href=\" ?ical_download=true&title=South China International Industry Fair | TBD&city=Shenzhen&country=China&start=20230627T000000&end=20230630T000000\"><i class=\"fa fa-calendar\"><\/i><\/a><\/td><\/tr>\t\t    \t         <tr class=\"past_event\"><td>01. - 04.09.2023<\/td><td>CIIF - China International Industry Fair | Hall 5.1 Booth E105<\/td><td>Shanghai<td><td>China<td><td> <a href=\" ?ical_download=true&title=CIIF - China International Industry Fair | Hall 5.1 Booth E105&city=Shanghai&country=China&start=20230901T000000&end=20230905T000000\"><i class=\"fa fa-calendar\"><\/i><\/a><\/td><\/tr>\t\t    \t         <tr class=\"past_event\"><td>25. - 28.09.2023<\/td><td>CMTS Canadian Manufacturing Technology | TBD<\/td><td>Toronto<td><td>Canada<td><td> <a href=\" ?ical_download=true&title=CMTS Canadian Manufacturing Technology | TBD&city=Toronto&country=Canada&start=20230925T000000&end=20230929T000000\"><i class=\"fa fa-calendar\"><\/i><\/a><\/td><\/tr>\t\t    \t         <tr class=\"past_event\"><td>22. - 25.10.2023<\/td><td>Process Expo | TBD<\/td><td>Chicago<td><td>USA<td><td> <a href=\" ?ical_download=true&title=Process Expo | TBD&city=Chicago&country=USA&start=20231022T000000&end=20231026T000000\"><i class=\"fa fa-calendar\"><\/i><\/a><\/td><\/tr>\t\t    \t         <tr class=\"past_event\"><td>24. - 27.10.2023<\/td><td>Cibus Tec | Hall 02 Booth M 045<\/td><td>Parma<td><td>Italy<td><td> <a href=\" ?ical_download=true&title=Cibus Tec | Hall 02 Booth M 045&city=Parma&country=Italy&start=20231024T000000&end=20231028T000000\"><i class=\"fa fa-calendar\"><\/i><\/a><\/td><\/tr>\t\t    \t         <tr class=\"past_event\"><td>24. - 27.10.2023<\/td><td>CeMAT ASIA | W3 B4-1<\/td><td>Shanghai<td><td>China<td><td> <a href=\" ?ical_download=true&title=CeMAT ASIA | W3 B4-1&city=Shanghai&country=China&start=20231024T000000&end=20231028T000000\"><i class=\"fa fa-calendar\"><\/i><\/a><\/td><\/tr>\t\t    \t         <tr class=\"past_event\"><td>07. - 09.11.2023<\/td><td>ADM Advanced Design and Manufacturing | TBD<\/td><td>Toronto<td><td>Canada<td><td> <a href=\" ?ical_download=true&title=ADM Advanced Design and Manufacturing | TBD&city=Toronto&country=Canada&start=20231107T000000&end=20231110T000000\"><i class=\"fa fa-calendar\"><\/i><\/a><\/td><\/tr>\t\t    \t         <tr class=\"past_event\"><td>14. - 16.11.2023<\/td><td>SPS - Smart Production Solutions | Hall 7A Booth 140<\/td><td>Nuremberg<td><td>Germany<td><td> <a href=\" ?ical_download=true&title=SPS - Smart Production Solutions | Hall 7A Booth 140&city=Nuremberg&country=Germany&start=20231114T000000&end=20231117T000000\"><i class=\"fa fa-calendar\"><\/i><\/a><\/td><\/tr>\t\t    \t         <tr class=\"past_event\"><td>09. - 12.04.2024<\/td><td>PaintExpo | 3220<\/td><td>Karlsruhe<td><td>Germany<td><td> <a href=\" ?ical_download=true&title=PaintExpo | 3220&city=Karlsruhe&country=Germany&start=20240409T000000&end=20240413T000000\"><i class=\"fa fa-calendar\"><\/i><\/a><\/td><\/tr>\t\t    \t         <tr class=\"past_event\"><td>06. - 07.06.2024<\/td><td>Solids | E21<\/td><td>Parma<td><td>Italien<td><td> <a href=\" ?ical_download=true&title=Solids | E21&city=Parma&country=Italien&start=20240606T000000&end=20240608T000000\"><i class=\"fa fa-calendar\"><\/i><\/a><\/td><\/tr>\t\t    <\/table>\t\t<style>\n\t\t\ttable.rhvc_event_table tr.past_event td, table.rhvc_event_table tr.past_event td i:before {\n\t\t\t\ttext-decoration: line-through;\n\t\t\t\tcolor: #999;\n\t\t\t}\n\n\t\t\ttable.rhvc_event_table{\n\t\t\t\twidth: 100%;\n\t\t\t\tborder: 1px solid #0c9df7;\n\t\t\t\tmargin-bottom: 30px;\n\t\t\t}\n\n\t\t\ttable.rhvc_event_table td{\n\t\t\t\tpadding: 15px;\n\t\t\t}\n\n\t\t\t\/*table.rhvc_event_table tr:nth-child(even) {\n\t\t\t\tbackground-color: #f7f9f8;\n\t\t\t}*\/\n\t\t\ttable.rhvc_event_table tr:nth-child(2n):hover {\n\t\t\t\tbackground-color: #eaf7fe;\n\t\t\t}\n\t\t<\/style>\n\n\t    <div class=\"clearfix\"><\/div>\n\t\t    [\/vc_column][\/vc_row]\n<\/div>","protected":false},"excerpt":{"rendered":"<p>[vc_row][vc_column][\/vc_column][\/vc_row]<\/p>\n","protected":false},"author":1,"featured_media":255813,"parent":51142,"menu_order":5,"comment_status":"closed","ping_status":"closed","template":"","meta":{"_acf_changed":false,"inline_featured_image":false,"footnotes":""},"class_list":["post-52523","page","type-page","status-publish","has-post-thumbnail","hentry","entry","post-inner"],"acf":[],"yoast_head":"<!-- This site is optimized with the Yoast SEO plugin v27.0 - https:\/\/yoast.com\/product\/yoast-seo-wordpress\/ -->\n<title>Exposition calendar of Rechner Sensors<\/title>\n<meta name=\"description\" content=\"Learn about the dates of our upcoming exposition booths. RECHNER Sensors is the market leader for capacitive sensor technology \u2713\" \/>\n<meta name=\"robots\" content=\"noindex, follow, max-snippet:-1, max-image-preview:large, max-video-preview:-1\" \/>\n<meta property=\"og:locale\" content=\"en_US\" \/>\n<meta property=\"og:type\" content=\"article\" \/>\n<meta property=\"og:title\" content=\"Exposition calendar of Rechner Sensors\" \/>\n<meta property=\"og:description\" content=\"Learn about the dates of our upcoming exposition booths. RECHNER Sensors is the market leader for capacitive sensor technology \u2713\" \/>\n<meta property=\"og:url\" content=\"https:\/\/stage.rechner-sensors.com\/en\/profile\/exhibitions\" \/>\n<meta property=\"og:site_name\" content=\"Rechner Sensors\" \/>\n<meta property=\"article:modified_time\" content=\"2023-07-20T09:40:01+00:00\" \/>\n<meta property=\"og:image\" content=\"https:\/\/stage.rechner-sensors.com\/wp-content\/uploads\/2023\/07\/Messe_Rechner_sensors_exhibition_sps.png\" \/>\n\t<meta property=\"og:image:width\" content=\"11870\" \/>\n\t<meta property=\"og:image:height\" content=\"2067\" \/>\n\t<meta property=\"og:image:type\" content=\"image\/png\" \/>\n<meta name=\"twitter:card\" content=\"summary_large_image\" \/>\n<meta name=\"twitter:label1\" content=\"Est. reading time\" \/>\n\t<meta name=\"twitter:data1\" content=\"1 minute\" \/>\n<script type=\"application\/ld+json\" class=\"yoast-schema-graph\">{\"@context\":\"https:\/\/schema.org\",\"@graph\":[{\"@type\":\"WebPage\",\"@id\":\"https:\/\/stage.rechner-sensors.com\/en\/profile\/exhibitions\",\"url\":\"https:\/\/stage.rechner-sensors.com\/en\/profile\/exhibitions\",\"name\":\"Exposition calendar of Rechner Sensors\",\"isPartOf\":{\"@id\":\"https:\/\/stage.rechner-sensors.com\/en#website\"},\"primaryImageOfPage\":{\"@id\":\"https:\/\/stage.rechner-sensors.com\/en\/profile\/exhibitions#primaryimage\"},\"image\":{\"@id\":\"https:\/\/stage.rechner-sensors.com\/en\/profile\/exhibitions#primaryimage\"},\"thumbnailUrl\":\"https:\/\/stage.rechner-sensors.com\/wp-content\/uploads\/2023\/07\/Messe_Rechner_sensors_exhibition_sps.png\",\"datePublished\":\"2017-01-23T09:30:34+00:00\",\"dateModified\":\"2023-07-20T09:40:01+00:00\",\"description\":\"Learn about the dates of our upcoming exposition booths. RECHNER Sensors is the market leader for capacitive sensor technology \u2713\",\"breadcrumb\":{\"@id\":\"https:\/\/stage.rechner-sensors.com\/en\/profile\/exhibitions#breadcrumb\"},\"inLanguage\":\"en-US\",\"potentialAction\":[{\"@type\":\"ReadAction\",\"target\":[\"https:\/\/stage.rechner-sensors.com\/en\/profile\/exhibitions\"]}]},{\"@type\":\"ImageObject\",\"inLanguage\":\"en-US\",\"@id\":\"https:\/\/stage.rechner-sensors.com\/en\/profile\/exhibitions#primaryimage\",\"url\":\"https:\/\/stage.rechner-sensors.com\/wp-content\/uploads\/2023\/07\/Messe_Rechner_sensors_exhibition_sps.png\",\"contentUrl\":\"https:\/\/stage.rechner-sensors.com\/wp-content\/uploads\/2023\/07\/Messe_Rechner_sensors_exhibition_sps.png\",\"width\":11870,\"height\":2067},{\"@type\":\"BreadcrumbList\",\"@id\":\"https:\/\/stage.rechner-sensors.com\/en\/profile\/exhibitions#breadcrumb\",\"itemListElement\":[{\"@type\":\"ListItem\",\"position\":1,\"name\":\"Start\",\"item\":\"https:\/\/stage.rechner-sensors.com\/en\"},{\"@type\":\"ListItem\",\"position\":2,\"name\":\"Profile\",\"item\":\"https:\/\/stage.rechner-sensors.com\/en\/profile\"},{\"@type\":\"ListItem\",\"position\":3,\"name\":\"Exhibitions\"}]},{\"@type\":\"WebSite\",\"@id\":\"https:\/\/stage.rechner-sensors.com\/en#website\",\"url\":\"https:\/\/stage.rechner-sensors.com\/en\",\"name\":\"Rechner Sensors\",\"description\":\"[:de]Marktf\u00fchrer in kapazitiver Sensortechnologie und Qualit\u00e4t.[:en]Capacitive Sensors \u2013 for more than 50 years our special field.[:fr]Les capteurs capacitifs \u2013 depuis plus de 50 ans notre c\u0153ur de m\u00e9tier.[:es]Sensores capacitivos - desde m\u00e1s de 50 a\u00f1os nuestro campo de especialidad.[:it]Sensores capacitivos - desde m\u00e1s de 50 a\u00f1os nuestro campo de especialidad.[:]\",\"potentialAction\":[{\"@type\":\"SearchAction\",\"target\":{\"@type\":\"EntryPoint\",\"urlTemplate\":\"https:\/\/stage.rechner-sensors.com\/en?s={search_term_string}\"},\"query-input\":{\"@type\":\"PropertyValueSpecification\",\"valueRequired\":true,\"valueName\":\"search_term_string\"}}],\"inLanguage\":\"en-US\"}]}<\/script>\n<!-- \/ Yoast SEO plugin. -->","yoast_head_json":{"title":"Exposition calendar of Rechner Sensors","description":"Learn about the dates of our upcoming exposition booths. RECHNER Sensors is the market leader for capacitive sensor technology \u2713","robots":{"index":"noindex","follow":"follow","max-snippet":"max-snippet:-1","max-image-preview":"max-image-preview:large","max-video-preview":"max-video-preview:-1"},"og_locale":"en_US","og_type":"article","og_title":"Exposition calendar of Rechner Sensors","og_description":"Learn about the dates of our upcoming exposition booths. RECHNER Sensors is the market leader for capacitive sensor technology \u2713","og_url":"https:\/\/stage.rechner-sensors.com\/en\/profile\/exhibitions","og_site_name":"Rechner Sensors","article_modified_time":"2023-07-20T09:40:01+00:00","og_image":[{"width":11870,"height":2067,"url":"https:\/\/stage.rechner-sensors.com\/wp-content\/uploads\/2023\/07\/Messe_Rechner_sensors_exhibition_sps.png","type":"image\/png"}],"twitter_card":"summary_large_image","twitter_misc":{"Est. reading time":"1 minute"},"schema":{"@context":"https:\/\/schema.org","@graph":[{"@type":"WebPage","@id":"https:\/\/stage.rechner-sensors.com\/en\/profile\/exhibitions","url":"https:\/\/stage.rechner-sensors.com\/en\/profile\/exhibitions","name":"Exposition calendar of Rechner Sensors","isPartOf":{"@id":"https:\/\/stage.rechner-sensors.com\/en#website"},"primaryImageOfPage":{"@id":"https:\/\/stage.rechner-sensors.com\/en\/profile\/exhibitions#primaryimage"},"image":{"@id":"https:\/\/stage.rechner-sensors.com\/en\/profile\/exhibitions#primaryimage"},"thumbnailUrl":"https:\/\/stage.rechner-sensors.com\/wp-content\/uploads\/2023\/07\/Messe_Rechner_sensors_exhibition_sps.png","datePublished":"2017-01-23T09:30:34+00:00","dateModified":"2023-07-20T09:40:01+00:00","description":"Learn about the dates of our upcoming exposition booths. RECHNER Sensors is the market leader for capacitive sensor technology \u2713","breadcrumb":{"@id":"https:\/\/stage.rechner-sensors.com\/en\/profile\/exhibitions#breadcrumb"},"inLanguage":"en-US","potentialAction":[{"@type":"ReadAction","target":["https:\/\/stage.rechner-sensors.com\/en\/profile\/exhibitions"]}]},{"@type":"ImageObject","inLanguage":"en-US","@id":"https:\/\/stage.rechner-sensors.com\/en\/profile\/exhibitions#primaryimage","url":"https:\/\/stage.rechner-sensors.com\/wp-content\/uploads\/2023\/07\/Messe_Rechner_sensors_exhibition_sps.png","contentUrl":"https:\/\/stage.rechner-sensors.com\/wp-content\/uploads\/2023\/07\/Messe_Rechner_sensors_exhibition_sps.png","width":11870,"height":2067},{"@type":"BreadcrumbList","@id":"https:\/\/stage.rechner-sensors.com\/en\/profile\/exhibitions#breadcrumb","itemListElement":[{"@type":"ListItem","position":1,"name":"Start","item":"https:\/\/stage.rechner-sensors.com\/en"},{"@type":"ListItem","position":2,"name":"Profile","item":"https:\/\/stage.rechner-sensors.com\/en\/profile"},{"@type":"ListItem","position":3,"name":"Exhibitions"}]},{"@type":"WebSite","@id":"https:\/\/stage.rechner-sensors.com\/en#website","url":"https:\/\/stage.rechner-sensors.com\/en","name":"Rechner Sensors","description":"[:de]Marktf\u00fchrer in kapazitiver Sensortechnologie und Qualit\u00e4t.[:en]Capacitive Sensors \u2013 for more than 50 years our special field.[:fr]Les capteurs capacitifs \u2013 depuis plus de 50 ans notre c\u0153ur de m\u00e9tier.[:es]Sensores capacitivos - desde m\u00e1s de 50 a\u00f1os nuestro campo de especialidad.[:it]Sensores capacitivos - desde m\u00e1s de 50 a\u00f1os nuestro campo de especialidad.[:]","potentialAction":[{"@type":"SearchAction","target":{"@type":"EntryPoint","urlTemplate":"https:\/\/stage.rechner-sensors.com\/en?s={search_term_string}"},"query-input":{"@type":"PropertyValueSpecification","valueRequired":true,"valueName":"search_term_string"}}],"inLanguage":"en-US"}]}},"_links":{"self":[{"href":"https:\/\/stage.rechner-sensors.com\/en\/wp-json\/wp\/v2\/pages\/52523","targetHints":{"allow":["GET"]}}],"collection":[{"href":"https:\/\/stage.rechner-sensors.com\/en\/wp-json\/wp\/v2\/pages"}],"about":[{"href":"https:\/\/stage.rechner-sensors.com\/en\/wp-json\/wp\/v2\/types\/page"}],"author":[{"embeddable":true,"href":"https:\/\/stage.rechner-sensors.com\/en\/wp-json\/wp\/v2\/users\/1"}],"replies":[{"embeddable":true,"href":"https:\/\/stage.rechner-sensors.com\/en\/wp-json\/wp\/v2\/comments?post=52523"}],"version-history":[{"count":0,"href":"https:\/\/stage.rechner-sensors.com\/en\/wp-json\/wp\/v2\/pages\/52523\/revisions"}],"up":[{"embeddable":true,"href":"https:\/\/stage.rechner-sensors.com\/en\/wp-json\/wp\/v2\/pages\/51142"}],"wp:featuredmedia":[{"embeddable":true,"href":"https:\/\/stage.rechner-sensors.com\/en\/wp-json\/wp\/v2\/media\/255813"}],"wp:attachment":[{"href":"https:\/\/stage.rechner-sensors.com\/en\/wp-json\/wp\/v2\/media?parent=52523"}],"curies":[{"name":"wp","href":"https:\/\/api.w.org\/{rel}","templated":true}]}}