{"id":52533,"date":"2017-01-26T13:37:06","date_gmt":"2017-01-26T12:37:06","guid":{"rendered":"https:\/\/wpml.rechner-sensors.com\/request-a-quote-check-availability"},"modified":"2022-08-10T22:10:14","modified_gmt":"2022-08-10T20:10:14","slug":"request-a-quote-check-availability","status":"publish","type":"page","link":"https:\/\/stage.rechner-sensors.com\/en\/request-a-quote-check-availability","title":{"rendered":"Request project"},"content":{"rendered":"<div class=\"wpb-content-wrapper\">[vc_row][vc_column][\/vc_column][\/vc_row]\n<\/div>","protected":false},"excerpt":{"rendered":"<p>[vc_row][vc_column][\/vc_column][\/vc_row]<\/p>\n","protected":false},"author":1,"featured_media":0,"parent":0,"menu_order":0,"comment_status":"closed","ping_status":"closed","template":"","meta":{"_acf_changed":false,"inline_featured_image":false,"footnotes":""},"class_list":["post-52533","page","type-page","status-publish","hentry","entry","post-inner"],"acf":[],"yoast_head":"<!-- This site is optimized with the Yoast SEO plugin v27.0 - https:\/\/yoast.com\/product\/yoast-seo-wordpress\/ -->\n<title>Request project - Rechner Sensors<\/title>\n<meta name=\"robots\" content=\"noindex, follow, max-snippet:-1, max-image-preview:large, max-video-preview:-1\" \/>\n<meta property=\"og:locale\" content=\"en_US\" \/>\n<meta property=\"og:type\" content=\"article\" \/>\n<meta property=\"og:title\" content=\"Request project - Rechner Sensors\" \/>\n<meta property=\"og:description\" content=\"[vc_row][vc_column][\/vc_column][\/vc_row]\" \/>\n<meta property=\"og:url\" content=\"https:\/\/stage.rechner-sensors.com\/en\/request-a-quote-check-availability\" \/>\n<meta property=\"og:site_name\" content=\"Rechner Sensors\" \/>\n<meta property=\"article:modified_time\" content=\"2022-08-10T20:10:14+00:00\" \/>\n<meta name=\"twitter:card\" content=\"summary_large_image\" \/>\n<meta name=\"twitter:label1\" content=\"Est. reading time\" \/>\n\t<meta name=\"twitter:data1\" content=\"1 minute\" \/>\n<script type=\"application\/ld+json\" class=\"yoast-schema-graph\">{\"@context\":\"https:\/\/schema.org\",\"@graph\":[{\"@type\":\"WebPage\",\"@id\":\"https:\/\/stage.rechner-sensors.com\/en\/request-a-quote-check-availability\",\"url\":\"https:\/\/stage.rechner-sensors.com\/en\/request-a-quote-check-availability\",\"name\":\"Request project - Rechner Sensors\",\"isPartOf\":{\"@id\":\"https:\/\/stage.rechner-sensors.com\/en#website\"},\"datePublished\":\"2017-01-26T12:37:06+00:00\",\"dateModified\":\"2022-08-10T20:10:14+00:00\",\"breadcrumb\":{\"@id\":\"https:\/\/stage.rechner-sensors.com\/en\/request-a-quote-check-availability#breadcrumb\"},\"inLanguage\":\"en-US\",\"potentialAction\":[{\"@type\":\"ReadAction\",\"target\":[\"https:\/\/stage.rechner-sensors.com\/en\/request-a-quote-check-availability\"]}]},{\"@type\":\"BreadcrumbList\",\"@id\":\"https:\/\/stage.rechner-sensors.com\/en\/request-a-quote-check-availability#breadcrumb\",\"itemListElement\":[{\"@type\":\"ListItem\",\"position\":1,\"name\":\"Start\",\"item\":\"https:\/\/stage.rechner-sensors.com\/en\"},{\"@type\":\"ListItem\",\"position\":2,\"name\":\"Request project\"}]},{\"@type\":\"WebSite\",\"@id\":\"https:\/\/stage.rechner-sensors.com\/en#website\",\"url\":\"https:\/\/stage.rechner-sensors.com\/en\",\"name\":\"Rechner Sensors\",\"description\":\"[:de]Marktf\u00fchrer in kapazitiver Sensortechnologie und Qualit\u00e4t.[:en]Capacitive Sensors \u2013 for more than 50 years our special field.[:fr]Les capteurs capacitifs \u2013 depuis plus de 50 ans notre c\u0153ur de m\u00e9tier.[:es]Sensores capacitivos - desde m\u00e1s de 50 a\u00f1os nuestro campo de especialidad.[:it]Sensores capacitivos - desde m\u00e1s de 50 a\u00f1os nuestro campo de especialidad.[:]\",\"potentialAction\":[{\"@type\":\"SearchAction\",\"target\":{\"@type\":\"EntryPoint\",\"urlTemplate\":\"https:\/\/stage.rechner-sensors.com\/en?s={search_term_string}\"},\"query-input\":{\"@type\":\"PropertyValueSpecification\",\"valueRequired\":true,\"valueName\":\"search_term_string\"}}],\"inLanguage\":\"en-US\"}]}<\/script>\n<!-- \/ Yoast SEO plugin. -->","yoast_head_json":{"title":"Request project - Rechner Sensors","robots":{"index":"noindex","follow":"follow","max-snippet":"max-snippet:-1","max-image-preview":"max-image-preview:large","max-video-preview":"max-video-preview:-1"},"og_locale":"en_US","og_type":"article","og_title":"Request project - Rechner Sensors","og_description":"[vc_row][vc_column][\/vc_column][\/vc_row]","og_url":"https:\/\/stage.rechner-sensors.com\/en\/request-a-quote-check-availability","og_site_name":"Rechner Sensors","article_modified_time":"2022-08-10T20:10:14+00:00","twitter_card":"summary_large_image","twitter_misc":{"Est. reading time":"1 minute"},"schema":{"@context":"https:\/\/schema.org","@graph":[{"@type":"WebPage","@id":"https:\/\/stage.rechner-sensors.com\/en\/request-a-quote-check-availability","url":"https:\/\/stage.rechner-sensors.com\/en\/request-a-quote-check-availability","name":"Request project - Rechner Sensors","isPartOf":{"@id":"https:\/\/stage.rechner-sensors.com\/en#website"},"datePublished":"2017-01-26T12:37:06+00:00","dateModified":"2022-08-10T20:10:14+00:00","breadcrumb":{"@id":"https:\/\/stage.rechner-sensors.com\/en\/request-a-quote-check-availability#breadcrumb"},"inLanguage":"en-US","potentialAction":[{"@type":"ReadAction","target":["https:\/\/stage.rechner-sensors.com\/en\/request-a-quote-check-availability"]}]},{"@type":"BreadcrumbList","@id":"https:\/\/stage.rechner-sensors.com\/en\/request-a-quote-check-availability#breadcrumb","itemListElement":[{"@type":"ListItem","position":1,"name":"Start","item":"https:\/\/stage.rechner-sensors.com\/en"},{"@type":"ListItem","position":2,"name":"Request project"}]},{"@type":"WebSite","@id":"https:\/\/stage.rechner-sensors.com\/en#website","url":"https:\/\/stage.rechner-sensors.com\/en","name":"Rechner Sensors","description":"[:de]Marktf\u00fchrer in kapazitiver Sensortechnologie und Qualit\u00e4t.[:en]Capacitive Sensors \u2013 for more than 50 years our special field.[:fr]Les capteurs capacitifs \u2013 depuis plus de 50 ans notre c\u0153ur de m\u00e9tier.[:es]Sensores capacitivos - desde m\u00e1s de 50 a\u00f1os nuestro campo de especialidad.[:it]Sensores capacitivos - desde m\u00e1s de 50 a\u00f1os nuestro campo de especialidad.[:]","potentialAction":[{"@type":"SearchAction","target":{"@type":"EntryPoint","urlTemplate":"https:\/\/stage.rechner-sensors.com\/en?s={search_term_string}"},"query-input":{"@type":"PropertyValueSpecification","valueRequired":true,"valueName":"search_term_string"}}],"inLanguage":"en-US"}]}},"_links":{"self":[{"href":"https:\/\/stage.rechner-sensors.com\/en\/wp-json\/wp\/v2\/pages\/52533","targetHints":{"allow":["GET"]}}],"collection":[{"href":"https:\/\/stage.rechner-sensors.com\/en\/wp-json\/wp\/v2\/pages"}],"about":[{"href":"https:\/\/stage.rechner-sensors.com\/en\/wp-json\/wp\/v2\/types\/page"}],"author":[{"embeddable":true,"href":"https:\/\/stage.rechner-sensors.com\/en\/wp-json\/wp\/v2\/users\/1"}],"replies":[{"embeddable":true,"href":"https:\/\/stage.rechner-sensors.com\/en\/wp-json\/wp\/v2\/comments?post=52533"}],"version-history":[{"count":0,"href":"https:\/\/stage.rechner-sensors.com\/en\/wp-json\/wp\/v2\/pages\/52533\/revisions"}],"wp:attachment":[{"href":"https:\/\/stage.rechner-sensors.com\/en\/wp-json\/wp\/v2\/media?parent=52533"}],"curies":[{"name":"wp","href":"https:\/\/api.w.org\/{rel}","templated":true}]}}