{"id":269978,"date":"2024-10-15T00:00:00","date_gmt":"2024-10-15T00:00:00","guid":{"rendered":""},"modified":"2024-10-15T14:31:07","modified_gmt":"2024-10-15T12:31:07","slug":"MR0028-en_GB","status":"publish","type":"product","link":"https:\/\/stage.rechner-sensors.com\/en\/product\/MR0028-en_GB","title":{"rendered":"MRS-10-350-S-M12-VAb-Y5-0-E"},"content":{"rendered":"","protected":false},"excerpt":{"rendered":"","protected":false},"featured_media":0,"template":"","meta":{"_acf_changed":false,"inline_featured_image":false},"product_cat":[4776],"product_tag":[],"class_list":{"0":"post-269978","1":"product","2":"type-product","3":"status-publish","5":"product_cat-magneto_resistive_sensors_en_GB","6":"entry","7":"post-inner","9":"first","10":"instock","11":"virtual","12":"product-type-simple"},"acf":{"datenblatt-de":null,"datenblatt-en":null,"datenblatt-fr":null,"datenblatt-es":null,"datenblatt-it":null,"pdf3d-file":null,"step-file":null,"kataloge-zuordnung":"","bedienungsanleitung-zuordnung-1":"79002108_BED_MRS.pdf","bedienungsanleitung-zuordnung-2":"","zertifikate-zuordnung":"","zertifikat-1":"","zertifikat-2":"","zertifikat-3":"","zertifikat-4":"","zertifikat-5":"","declaration_of_conformity_1":"C-EC-Declaration_of_conformity_MRS.pdf","declaration_of_conformity_2":"C-UKCA-Declaration _of_conformity_MRS.pdf","artikelzubehoer":"","auswerter":"","sonden":"","auftragssperre":"Ja"},"cp_meta_data":{"_wcml_average_rating":[null],"_wcml_review_count":[null],"_wcml_rating_count":[null],"Label-declaration_of_conformity_1":["[declaration_of_conformity_1]"],"declaration_of_conformity_1":["C-EC-Declaration_of_conformity_MRS.pdf"],"Label-declaration_of_conformity_2":["[declaration_of_conformity_2]"],"declaration_of_conformity_2":["C-UKCA-Declaration _of_conformity_MRS.pdf"],"Label-bedienungsanleitung-zuordnung-1":["[operation_manual_1]"],"bedienungsanleitung-zuordnung-1":["79002108_BED_MRS.pdf"],"_sku":["MR0028"],"_stock":["11"],"_manage_stock":["1"],"_regular_price":["319.20"],"_price":["319.20"],"_featured":["no"],"_virtual":["yes"],"_stock_status":["instock"],"_thumbnail_id":[""],"_product_image_gallery":[""],"total_sales":["0"],"_tax_status":["taxable"],"_tax_class":[""],"_backorders":["no"],"_sold_individually":["no"],"_downloadable":["no"],"_download_limit":["-1"],"_download_expiry":["-1"],"_wc_average_rating":[0],"_wc_review_count":["0"],"_product_attributes":["a:17:{s:11:\"pa_standard\";a:6:{s:4:\"name\";s:11:\"pa_standard\";s:5:\"value\";s:0:\"\";s:8:\"position\";i:0;s:10:\"is_visible\";i:0;s:12:\"is_variation\";i:0;s:11:\"is_taxonomy\";i:1;}s:13:\"pa_connection\";a:6:{s:4:\"name\";s:13:\"pa_connection\";s:5:\"value\";s:0:\"\";s:8:\"position\";i:1;s:10:\"is_visible\";i:0;s:12:\"is_variation\";i:0;s:11:\"is_taxonomy\";i:1;}s:14:\"pa_led_display\";a:6:{s:4:\"name\";s:14:\"pa_led_display\";s:5:\"value\";s:0:\"\";s:8:\"position\";i:2;s:10:\"is_visible\";i:0;s:12:\"is_variation\";i:0;s:11:\"is_taxonomy\";i:1;}s:15:\"pa_idle_current\";a:6:{s:4:\"name\";s:15:\"pa_idle_current\";s:5:\"value\";s:0:\"\";s:8:\"position\";i:3;s:10:\"is_visible\";i:0;s:12:\"is_variation\";i:0;s:11:\"is_taxonomy\";i:1;}s:15:\"pa_voltage_type\";a:6:{s:4:\"name\";s:15:\"pa_voltage_type\";s:5:\"value\";s:0:\"\";s:8:\"position\";i:4;s:10:\"is_visible\";i:0;s:12:\"is_variation\";i:0;s:11:\"is_taxonomy\";i:1;}s:16:\"pa_perm_amb_temp\";a:6:{s:4:\"name\";s:16:\"pa_perm_amb_temp\";s:5:\"value\";s:0:\"\";s:8:\"position\";i:5;s:10:\"is_visible\";i:0;s:12:\"is_variation\";i:0;s:11:\"is_taxonomy\";i:1;}s:17:\"pa_housing_design\";a:6:{s:4:\"name\";s:17:\"pa_housing_design\";s:5:\"value\";s:0:\"\";s:8:\"position\";i:6;s:10:\"is_visible\";i:0;s:12:\"is_variation\";i:0;s:11:\"is_taxonomy\";i:1;}s:18:\"pa_made_in_germany\";a:6:{s:4:\"name\";s:18:\"pa_made_in_germany\";s:5:\"value\";s:0:\"\";s:8:\"position\";i:7;s:10:\"is_visible\";i:0;s:12:\"is_variation\";i:0;s:11:\"is_taxonomy\";i:1;}s:18:\"pa_output_function\";a:6:{s:4:\"name\";s:18:\"pa_output_function\";s:5:\"value\";s:0:\"\";s:8:\"position\";i:8;s:10:\"is_visible\";i:0;s:12:\"is_variation\";i:0;s:11:\"is_taxonomy\";i:1;}s:19:\"pa_housing_material\";a:6:{s:4:\"name\";s:19:\"pa_housing_material\";s:5:\"value\";s:0:\"\";s:8:\"position\";i:9;s:10:\"is_visible\";i:0;s:12:\"is_variation\";i:0;s:11:\"is_taxonomy\";i:1;}s:19:\"pa_protection_class\";a:6:{s:4:\"name\";s:19:\"pa_protection_class\";s:5:\"value\";s:0:\"\";s:8:\"position\";i:10;s:10:\"is_visible\";i:0;s:12:\"is_variation\";i:0;s:11:\"is_taxonomy\";i:1;}s:20:\"pa_perm_amb_temp_max\";a:6:{s:4:\"name\";s:20:\"pa_perm_amb_temp_max\";s:5:\"value\";s:0:\"\";s:8:\"position\";i:11;s:10:\"is_visible\";i:0;s:12:\"is_variation\";i:0;s:11:\"is_taxonomy\";i:1;}s:22:\"pa_accessories_include\";a:6:{s:4:\"name\";s:22:\"pa_accessories_include\";s:5:\"value\";s:0:\"\";s:8:\"position\";i:12;s:10:\"is_visible\";i:0;s:12:\"is_variation\";i:0;s:11:\"is_taxonomy\";i:1;}s:22:\"pa_housing_material_az\";a:6:{s:4:\"name\";s:22:\"pa_housing_material_az\";s:5:\"value\";s:0:\"\";s:8:\"position\";i:13;s:10:\"is_visible\";i:0;s:12:\"is_variation\";i:0;s:11:\"is_taxonomy\";i:1;}s:22:\"pa_preecess_connection\";a:6:{s:4:\"name\";s:22:\"pa_preecess_connection\";s:5:\"value\";s:0:\"\";s:8:\"position\";i:14;s:10:\"is_visible\";i:0;s:12:\"is_variation\";i:0;s:11:\"is_taxonomy\";i:1;}s:23:\"pa_type_of_installation\";a:6:{s:4:\"name\";s:23:\"pa_type_of_installation\";s:5:\"value\";s:0:\"\";s:8:\"position\";i:15;s:10:\"is_visible\";i:0;s:12:\"is_variation\";i:0;s:11:\"is_taxonomy\";i:1;}s:26:\"pa_switching_frequency_min\";a:6:{s:4:\"name\";s:26:\"pa_switching_frequency_min\";s:5:\"value\";s:0:\"\";s:8:\"position\";i:16;s:10:\"is_visible\";i:0;s:12:\"is_variation\";i:0;s:11:\"is_taxonomy\";i:1;}}"],"_product_version":["9.0.2"],"_wc_rating_count":[""]},"yoast_head":"<!-- This site is optimized with the Yoast SEO plugin v27.0 - https:\/\/yoast.com\/product\/yoast-seo-wordpress\/ -->\n<title>MRS-10-350-S-M12-VAb-Y5-0-E - Rechner Sensors<\/title>\n<meta name=\"robots\" content=\"noindex, follow, max-snippet:-1, max-image-preview:large, max-video-preview:-1\" \/>\n<meta property=\"og:locale\" content=\"en_US\" \/>\n<meta property=\"og:type\" content=\"article\" \/>\n<meta property=\"og:title\" content=\"MRS-10-350-S-M12-VAb-Y5-0-E - Rechner Sensors\" \/>\n<meta property=\"og:url\" content=\"https:\/\/stage.rechner-sensors.com\/en\/product\/MR0028-en_GB\" \/>\n<meta property=\"og:site_name\" content=\"Rechner Sensors\" \/>\n<meta property=\"article:modified_time\" content=\"2024-10-15T12:31:07+00:00\" \/>\n<meta name=\"twitter:card\" content=\"summary_large_image\" \/>\n<script type=\"application\/ld+json\" class=\"yoast-schema-graph\">{\"@context\":\"https:\/\/schema.org\",\"@graph\":[{\"@type\":\"WebPage\",\"@id\":\"https:\/\/stage.rechner-sensors.com\/en\/product\/MR0028-en_GB\",\"url\":\"https:\/\/stage.rechner-sensors.com\/en\/product\/MR0028-en_GB\",\"name\":\"MRS-10-350-S-M12-VAb-Y5-0-E - Rechner Sensors\",\"isPartOf\":{\"@id\":\"https:\/\/stage.rechner-sensors.com\/en#website\"},\"datePublished\":\"2024-10-15T00:00:00+00:00\",\"dateModified\":\"2024-10-15T12:31:07+00:00\",\"breadcrumb\":{\"@id\":\"https:\/\/stage.rechner-sensors.com\/en\/product\/MR0028-en_GB#breadcrumb\"},\"inLanguage\":\"en-US\",\"potentialAction\":[{\"@type\":\"ReadAction\",\"target\":[\"https:\/\/stage.rechner-sensors.com\/en\/product\/MR0028-en_GB\"]}]},{\"@type\":\"BreadcrumbList\",\"@id\":\"https:\/\/stage.rechner-sensors.com\/en\/product\/MR0028-en_GB#breadcrumb\",\"itemListElement\":[{\"@type\":\"ListItem\",\"position\":1,\"name\":\"Start\",\"item\":\"https:\/\/stage.rechner-sensors.com\/en\"},{\"@type\":\"ListItem\",\"position\":2,\"name\":\"Shop\",\"item\":\"https:\/\/stage.rechner-sensors.com\/en\/shop\"},{\"@type\":\"ListItem\",\"position\":3,\"name\":\"MRS-10-350-S-M12-VAb-Y5-0-E\"}]},{\"@type\":\"WebSite\",\"@id\":\"https:\/\/stage.rechner-sensors.com\/en#website\",\"url\":\"https:\/\/stage.rechner-sensors.com\/en\",\"name\":\"Rechner Sensors\",\"description\":\"[:de]Marktf\u00fchrer in kapazitiver Sensortechnologie und Qualit\u00e4t.[:en]Capacitive Sensors \u2013 for more than 50 years our special field.[:fr]Les capteurs capacitifs \u2013 depuis plus de 50 ans notre c\u0153ur de m\u00e9tier.[:es]Sensores capacitivos - desde m\u00e1s de 50 a\u00f1os nuestro campo de especialidad.[:it]Sensores capacitivos - desde m\u00e1s de 50 a\u00f1os nuestro campo de especialidad.[:]\",\"potentialAction\":[{\"@type\":\"SearchAction\",\"target\":{\"@type\":\"EntryPoint\",\"urlTemplate\":\"https:\/\/stage.rechner-sensors.com\/en?s={search_term_string}\"},\"query-input\":{\"@type\":\"PropertyValueSpecification\",\"valueRequired\":true,\"valueName\":\"search_term_string\"}}],\"inLanguage\":\"en-US\"}]}<\/script>\n<!-- \/ Yoast SEO plugin. -->","yoast_head_json":{"title":"MRS-10-350-S-M12-VAb-Y5-0-E - Rechner Sensors","robots":{"index":"noindex","follow":"follow","max-snippet":"max-snippet:-1","max-image-preview":"max-image-preview:large","max-video-preview":"max-video-preview:-1"},"og_locale":"en_US","og_type":"article","og_title":"MRS-10-350-S-M12-VAb-Y5-0-E - Rechner Sensors","og_url":"https:\/\/stage.rechner-sensors.com\/en\/product\/MR0028-en_GB","og_site_name":"Rechner Sensors","article_modified_time":"2024-10-15T12:31:07+00:00","twitter_card":"summary_large_image","schema":{"@context":"https:\/\/schema.org","@graph":[{"@type":"WebPage","@id":"https:\/\/stage.rechner-sensors.com\/en\/product\/MR0028-en_GB","url":"https:\/\/stage.rechner-sensors.com\/en\/product\/MR0028-en_GB","name":"MRS-10-350-S-M12-VAb-Y5-0-E - Rechner Sensors","isPartOf":{"@id":"https:\/\/stage.rechner-sensors.com\/en#website"},"datePublished":"2024-10-15T00:00:00+00:00","dateModified":"2024-10-15T12:31:07+00:00","breadcrumb":{"@id":"https:\/\/stage.rechner-sensors.com\/en\/product\/MR0028-en_GB#breadcrumb"},"inLanguage":"en-US","potentialAction":[{"@type":"ReadAction","target":["https:\/\/stage.rechner-sensors.com\/en\/product\/MR0028-en_GB"]}]},{"@type":"BreadcrumbList","@id":"https:\/\/stage.rechner-sensors.com\/en\/product\/MR0028-en_GB#breadcrumb","itemListElement":[{"@type":"ListItem","position":1,"name":"Start","item":"https:\/\/stage.rechner-sensors.com\/en"},{"@type":"ListItem","position":2,"name":"Shop","item":"https:\/\/stage.rechner-sensors.com\/en\/shop"},{"@type":"ListItem","position":3,"name":"MRS-10-350-S-M12-VAb-Y5-0-E"}]},{"@type":"WebSite","@id":"https:\/\/stage.rechner-sensors.com\/en#website","url":"https:\/\/stage.rechner-sensors.com\/en","name":"Rechner Sensors","description":"[:de]Marktf\u00fchrer in kapazitiver Sensortechnologie und Qualit\u00e4t.[:en]Capacitive Sensors \u2013 for more than 50 years our special field.[:fr]Les capteurs capacitifs \u2013 depuis plus de 50 ans notre c\u0153ur de m\u00e9tier.[:es]Sensores capacitivos - desde m\u00e1s de 50 a\u00f1os nuestro campo de especialidad.[:it]Sensores capacitivos - desde m\u00e1s de 50 a\u00f1os nuestro campo de especialidad.[:]","potentialAction":[{"@type":"SearchAction","target":{"@type":"EntryPoint","urlTemplate":"https:\/\/stage.rechner-sensors.com\/en?s={search_term_string}"},"query-input":{"@type":"PropertyValueSpecification","valueRequired":true,"valueName":"search_term_string"}}],"inLanguage":"en-US"}]}},"_links":{"self":[{"href":"https:\/\/stage.rechner-sensors.com\/en\/wp-json\/wp\/v2\/product\/269978","targetHints":{"allow":["GET"]}}],"collection":[{"href":"https:\/\/stage.rechner-sensors.com\/en\/wp-json\/wp\/v2\/product"}],"about":[{"href":"https:\/\/stage.rechner-sensors.com\/en\/wp-json\/wp\/v2\/types\/product"}],"wp:attachment":[{"href":"https:\/\/stage.rechner-sensors.com\/en\/wp-json\/wp\/v2\/media?parent=269978"}],"wp:term":[{"taxonomy":"product_cat","embeddable":true,"href":"https:\/\/stage.rechner-sensors.com\/en\/wp-json\/wp\/v2\/product_cat?post=269978"},{"taxonomy":"product_tag","embeddable":true,"href":"https:\/\/stage.rechner-sensors.com\/en\/wp-json\/wp\/v2\/product_tag?post=269978"}],"curies":[{"name":"wp","href":"https:\/\/api.w.org\/{rel}","templated":true}]}}