{"id":267794,"date":"2024-10-15T00:00:00","date_gmt":"2024-10-15T00:00:00","guid":{"rendered":""},"modified":"2024-10-15T12:03:46","modified_gmt":"2024-10-15T10:03:46","slug":"KA0333-es_ES","status":"publish","type":"product","link":"https:\/\/stage.rechner-sensors.com\/es\/producto\/KA0333-es_ES","title":{"rendered":"KAS-80-A24-A-M30-PBT-Y3-1-NL"},"content":{"rendered":"","protected":false},"excerpt":{"rendered":"","protected":false},"featured_media":0,"template":"","meta":{"_acf_changed":false,"inline_featured_image":false},"product_cat":[4762],"product_tag":[],"class_list":{"0":"post-267794","1":"product","2":"type-product","3":"status-publish","5":"product_cat-capacitive_sensors_es_ES","6":"entry","7":"post-inner","9":"first","10":"instock","11":"virtual","12":"product-type-simple"},"acf":{"datenblatt-de":null,"datenblatt-en":null,"datenblatt-fr":null,"datenblatt-es":null,"datenblatt-it":null,"pdf3d-file":null,"step-file":null,"kataloge-zuordnung":"","bedienungsanleitung-zuordnung-1":"79002100_BED_IAS-KAS.pdf","bedienungsanleitung-zuordnung-2":"","zertifikate-zuordnung":"","zertifikat-1":"","zertifikat-2":"","zertifikat-3":"","zertifikat-4":"","zertifikat-5":"","declaration_of_conformity_1":"C-EC-Declaration_of_conformity_KAS.pdf","declaration_of_conformity_2":"C-UKCA-Declaration _of_conformity_KAS.pdf","artikelzubehoer":"","auswerter":"","sonden":"","auftragssperre":"Ja"},"cp_meta_data":{"_wcml_average_rating":[null],"_wcml_review_count":[null],"_wcml_rating_count":[null],"Label-declaration_of_conformity_1":["[declaration_of_conformity_1]"],"declaration_of_conformity_1":["C-EC-Declaration_of_conformity_KAS.pdf"],"Label-declaration_of_conformity_2":["[declaration_of_conformity_2]"],"declaration_of_conformity_2":["C-UKCA-Declaration _of_conformity_KAS.pdf"],"Label-bedienungsanleitung-zuordnung-1":["[operation_manual_1]"],"bedienungsanleitung-zuordnung-1":["79002100_BED_IAS-KAS.pdf"],"_sku":["KA0333"],"_stock":["52"],"_manage_stock":["1"],"_regular_price":["91.70"],"_price":["91.70"],"_featured":["no"],"_virtual":["yes"],"_stock_status":["instock"],"_thumbnail_id":[""],"_product_image_gallery":[""],"total_sales":["0"],"_tax_status":["taxable"],"_tax_class":[""],"_backorders":["no"],"_sold_individually":["no"],"_downloadable":["no"],"_download_limit":["-1"],"_download_expiry":["-1"],"_wc_average_rating":[0],"_wc_review_count":["0"],"_product_attributes":["a:20:{s:11:\"pa_standard\";a:6:{s:4:\"name\";s:11:\"pa_standard\";s:5:\"value\";s:0:\"\";s:8:\"position\";i:0;s:10:\"is_visible\";i:0;s:12:\"is_variation\";i:0;s:11:\"is_taxonomy\";i:1;}s:13:\"pa_connection\";a:6:{s:4:\"name\";s:13:\"pa_connection\";s:5:\"value\";s:0:\"\";s:8:\"position\";i:1;s:10:\"is_visible\";i:0;s:12:\"is_variation\";i:0;s:11:\"is_taxonomy\";i:1;}s:14:\"pa_led_display\";a:6:{s:4:\"name\";s:14:\"pa_led_display\";s:5:\"value\";s:0:\"\";s:8:\"position\";i:2;s:10:\"is_visible\";i:0;s:12:\"is_variation\";i:0;s:11:\"is_taxonomy\";i:1;}s:15:\"pa_idle_current\";a:6:{s:4:\"name\";s:15:\"pa_idle_current\";s:5:\"value\";s:0:\"\";s:8:\"position\";i:3;s:10:\"is_visible\";i:0;s:12:\"is_variation\";i:0;s:11:\"is_taxonomy\";i:1;}s:15:\"pa_voltage_type\";a:6:{s:4:\"name\";s:15:\"pa_voltage_type\";s:5:\"value\";s:0:\"\";s:8:\"position\";i:4;s:10:\"is_visible\";i:0;s:12:\"is_variation\";i:0;s:11:\"is_taxonomy\";i:1;}s:16:\"pa_perm_amb_temp\";a:6:{s:4:\"name\";s:16:\"pa_perm_amb_temp\";s:5:\"value\";s:0:\"\";s:8:\"position\";i:5;s:10:\"is_visible\";i:0;s:12:\"is_variation\";i:0;s:11:\"is_taxonomy\";i:1;}s:17:\"pa_execution_plug\";a:6:{s:4:\"name\";s:17:\"pa_execution_plug\";s:5:\"value\";s:0:\"\";s:8:\"position\";i:6;s:10:\"is_visible\";i:0;s:12:\"is_variation\";i:0;s:11:\"is_taxonomy\";i:1;}s:17:\"pa_housing_design\";a:6:{s:4:\"name\";s:17:\"pa_housing_design\";s:5:\"value\";s:0:\"\";s:8:\"position\";i:7;s:10:\"is_visible\";i:0;s:12:\"is_variation\";i:0;s:11:\"is_taxonomy\";i:1;}s:18:\"pa_made_in_germany\";a:6:{s:4:\"name\";s:18:\"pa_made_in_germany\";s:5:\"value\";s:0:\"\";s:8:\"position\";i:8;s:10:\"is_visible\";i:0;s:12:\"is_variation\";i:0;s:11:\"is_taxonomy\";i:1;}s:18:\"pa_output_function\";a:6:{s:4:\"name\";s:18:\"pa_output_function\";s:5:\"value\";s:0:\"\";s:8:\"position\";i:9;s:10:\"is_visible\";i:0;s:12:\"is_variation\";i:0;s:11:\"is_taxonomy\";i:1;}s:18:\"pa_switch_distance\";a:6:{s:4:\"name\";s:18:\"pa_switch_distance\";s:5:\"value\";s:0:\"\";s:8:\"position\";i:10;s:10:\"is_visible\";i:0;s:12:\"is_variation\";i:0;s:11:\"is_taxonomy\";i:1;}s:19:\"pa_housing_material\";a:6:{s:4:\"name\";s:19:\"pa_housing_material\";s:5:\"value\";s:0:\"\";s:8:\"position\";i:11;s:10:\"is_visible\";i:0;s:12:\"is_variation\";i:0;s:11:\"is_taxonomy\";i:1;}s:19:\"pa_protection_class\";a:6:{s:4:\"name\";s:19:\"pa_protection_class\";s:5:\"value\";s:0:\"\";s:8:\"position\";i:12;s:10:\"is_visible\";i:0;s:12:\"is_variation\";i:0;s:11:\"is_taxonomy\";i:1;}s:20:\"pa_perm_amb_temp_max\";a:6:{s:4:\"name\";s:20:\"pa_perm_amb_temp_max\";s:5:\"value\";s:0:\"\";s:8:\"position\";i:13;s:10:\"is_visible\";i:0;s:12:\"is_variation\";i:0;s:11:\"is_taxonomy\";i:1;}s:21:\"pa_switch_distance_sn\";a:6:{s:4:\"name\";s:21:\"pa_switch_distance_sn\";s:5:\"value\";s:0:\"\";s:8:\"position\";i:14;s:10:\"is_visible\";i:0;s:12:\"is_variation\";i:0;s:11:\"is_taxonomy\";i:1;}s:22:\"pa_housing_material_az\";a:6:{s:4:\"name\";s:22:\"pa_housing_material_az\";s:5:\"value\";s:0:\"\";s:8:\"position\";i:15;s:10:\"is_visible\";i:0;s:12:\"is_variation\";i:0;s:11:\"is_taxonomy\";i:1;}s:22:\"pa_preecess_connection\";a:6:{s:4:\"name\";s:22:\"pa_preecess_connection\";s:5:\"value\";s:0:\"\";s:8:\"position\";i:16;s:10:\"is_visible\";i:0;s:12:\"is_variation\";i:0;s:11:\"is_taxonomy\";i:1;}s:23:\"pa_type_of_installation\";a:6:{s:4:\"name\";s:23:\"pa_type_of_installation\";s:5:\"value\";s:0:\"\";s:8:\"position\";i:17;s:10:\"is_visible\";i:0;s:12:\"is_variation\";i:0;s:11:\"is_taxonomy\";i:1;}s:26:\"pa_switching_frequency_max\";a:6:{s:4:\"name\";s:26:\"pa_switching_frequency_max\";s:5:\"value\";s:0:\"\";s:8:\"position\";i:18;s:10:\"is_visible\";i:0;s:12:\"is_variation\";i:0;s:11:\"is_taxonomy\";i:1;}s:16:\"pa_output_signal\";a:6:{s:4:\"name\";s:16:\"pa_output_signal\";s:5:\"value\";s:0:\"\";s:8:\"position\";i:19;s:10:\"is_visible\";i:0;s:12:\"is_variation\";i:0;s:11:\"is_taxonomy\";i:1;}}"],"_product_version":["9.0.2"],"_wc_rating_count":[""]},"yoast_head":"<!-- This site is optimized with the Yoast SEO plugin v27.0 - https:\/\/yoast.com\/product\/yoast-seo-wordpress\/ -->\n<title>KAS-80-A24-A-M30-PBT-Y3-1-NL - Rechner Sensors<\/title>\n<meta name=\"robots\" content=\"noindex, follow, max-snippet:-1, max-image-preview:large, max-video-preview:-1\" \/>\n<meta property=\"og:locale\" content=\"es_ES\" \/>\n<meta property=\"og:type\" content=\"article\" \/>\n<meta property=\"og:title\" content=\"KAS-80-A24-A-M30-PBT-Y3-1-NL - Rechner Sensors\" \/>\n<meta property=\"og:url\" content=\"https:\/\/stage.rechner-sensors.com\/es\/producto\/KA0333-es_ES\" \/>\n<meta property=\"og:site_name\" content=\"Rechner Sensors\" \/>\n<meta property=\"article:modified_time\" content=\"2024-10-15T10:03:46+00:00\" \/>\n<meta name=\"twitter:card\" content=\"summary_large_image\" \/>\n<script type=\"application\/ld+json\" class=\"yoast-schema-graph\">{\"@context\":\"https:\/\/schema.org\",\"@graph\":[{\"@type\":\"WebPage\",\"@id\":\"https:\/\/stage.rechner-sensors.com\/es\/producto\/KA0333-es_ES\",\"url\":\"https:\/\/stage.rechner-sensors.com\/es\/producto\/KA0333-es_ES\",\"name\":\"KAS-80-A24-A-M30-PBT-Y3-1-NL - Rechner Sensors\",\"isPartOf\":{\"@id\":\"https:\/\/stage.rechner-sensors.com\/es#website\"},\"datePublished\":\"2024-10-15T00:00:00+00:00\",\"dateModified\":\"2024-10-15T10:03:46+00:00\",\"breadcrumb\":{\"@id\":\"https:\/\/stage.rechner-sensors.com\/es\/producto\/KA0333-es_ES#breadcrumb\"},\"inLanguage\":\"es\",\"potentialAction\":[{\"@type\":\"ReadAction\",\"target\":[\"https:\/\/stage.rechner-sensors.com\/es\/producto\/KA0333-es_ES\"]}]},{\"@type\":\"BreadcrumbList\",\"@id\":\"https:\/\/stage.rechner-sensors.com\/es\/producto\/KA0333-es_ES#breadcrumb\",\"itemListElement\":[{\"@type\":\"ListItem\",\"position\":1,\"name\":\"Start\",\"item\":\"https:\/\/stage.rechner-sensors.com\/es\"},{\"@type\":\"ListItem\",\"position\":2,\"name\":\"Comercio\",\"item\":\"https:\/\/stage.rechner-sensors.com\/es\/comercio\"},{\"@type\":\"ListItem\",\"position\":3,\"name\":\"KAS-80-A24-A-M30-PBT-Y3-1-NL\"}]},{\"@type\":\"WebSite\",\"@id\":\"https:\/\/stage.rechner-sensors.com\/es#website\",\"url\":\"https:\/\/stage.rechner-sensors.com\/es\",\"name\":\"Rechner Sensors\",\"description\":\"[:de]Marktf\u00fchrer in kapazitiver Sensortechnologie und Qualit\u00e4t.[:en]Capacitive Sensors \u2013 for more than 50 years our special field.[:fr]Les capteurs capacitifs \u2013 depuis plus de 50 ans notre c\u0153ur de m\u00e9tier.[:es]Sensores capacitivos - desde m\u00e1s de 50 a\u00f1os nuestro campo de especialidad.[:it]Sensores capacitivos - desde m\u00e1s de 50 a\u00f1os nuestro campo de especialidad.[:]\",\"potentialAction\":[{\"@type\":\"SearchAction\",\"target\":{\"@type\":\"EntryPoint\",\"urlTemplate\":\"https:\/\/stage.rechner-sensors.com\/es?s={search_term_string}\"},\"query-input\":{\"@type\":\"PropertyValueSpecification\",\"valueRequired\":true,\"valueName\":\"search_term_string\"}}],\"inLanguage\":\"es\"}]}<\/script>\n<!-- \/ Yoast SEO plugin. -->","yoast_head_json":{"title":"KAS-80-A24-A-M30-PBT-Y3-1-NL - Rechner Sensors","robots":{"index":"noindex","follow":"follow","max-snippet":"max-snippet:-1","max-image-preview":"max-image-preview:large","max-video-preview":"max-video-preview:-1"},"og_locale":"es_ES","og_type":"article","og_title":"KAS-80-A24-A-M30-PBT-Y3-1-NL - Rechner Sensors","og_url":"https:\/\/stage.rechner-sensors.com\/es\/producto\/KA0333-es_ES","og_site_name":"Rechner Sensors","article_modified_time":"2024-10-15T10:03:46+00:00","twitter_card":"summary_large_image","schema":{"@context":"https:\/\/schema.org","@graph":[{"@type":"WebPage","@id":"https:\/\/stage.rechner-sensors.com\/es\/producto\/KA0333-es_ES","url":"https:\/\/stage.rechner-sensors.com\/es\/producto\/KA0333-es_ES","name":"KAS-80-A24-A-M30-PBT-Y3-1-NL - Rechner Sensors","isPartOf":{"@id":"https:\/\/stage.rechner-sensors.com\/es#website"},"datePublished":"2024-10-15T00:00:00+00:00","dateModified":"2024-10-15T10:03:46+00:00","breadcrumb":{"@id":"https:\/\/stage.rechner-sensors.com\/es\/producto\/KA0333-es_ES#breadcrumb"},"inLanguage":"es","potentialAction":[{"@type":"ReadAction","target":["https:\/\/stage.rechner-sensors.com\/es\/producto\/KA0333-es_ES"]}]},{"@type":"BreadcrumbList","@id":"https:\/\/stage.rechner-sensors.com\/es\/producto\/KA0333-es_ES#breadcrumb","itemListElement":[{"@type":"ListItem","position":1,"name":"Start","item":"https:\/\/stage.rechner-sensors.com\/es"},{"@type":"ListItem","position":2,"name":"Comercio","item":"https:\/\/stage.rechner-sensors.com\/es\/comercio"},{"@type":"ListItem","position":3,"name":"KAS-80-A24-A-M30-PBT-Y3-1-NL"}]},{"@type":"WebSite","@id":"https:\/\/stage.rechner-sensors.com\/es#website","url":"https:\/\/stage.rechner-sensors.com\/es","name":"Rechner Sensors","description":"[:de]Marktf\u00fchrer in kapazitiver Sensortechnologie und Qualit\u00e4t.[:en]Capacitive Sensors \u2013 for more than 50 years our special field.[:fr]Les capteurs capacitifs \u2013 depuis plus de 50 ans notre c\u0153ur de m\u00e9tier.[:es]Sensores capacitivos - desde m\u00e1s de 50 a\u00f1os nuestro campo de especialidad.[:it]Sensores capacitivos - desde m\u00e1s de 50 a\u00f1os nuestro campo de especialidad.[:]","potentialAction":[{"@type":"SearchAction","target":{"@type":"EntryPoint","urlTemplate":"https:\/\/stage.rechner-sensors.com\/es?s={search_term_string}"},"query-input":{"@type":"PropertyValueSpecification","valueRequired":true,"valueName":"search_term_string"}}],"inLanguage":"es"}]}},"_links":{"self":[{"href":"https:\/\/stage.rechner-sensors.com\/es\/wp-json\/wp\/v2\/product\/267794","targetHints":{"allow":["GET"]}}],"collection":[{"href":"https:\/\/stage.rechner-sensors.com\/es\/wp-json\/wp\/v2\/product"}],"about":[{"href":"https:\/\/stage.rechner-sensors.com\/es\/wp-json\/wp\/v2\/types\/product"}],"wp:attachment":[{"href":"https:\/\/stage.rechner-sensors.com\/es\/wp-json\/wp\/v2\/media?parent=267794"}],"wp:term":[{"taxonomy":"product_cat","embeddable":true,"href":"https:\/\/stage.rechner-sensors.com\/es\/wp-json\/wp\/v2\/product_cat?post=267794"},{"taxonomy":"product_tag","embeddable":true,"href":"https:\/\/stage.rechner-sensors.com\/es\/wp-json\/wp\/v2\/product_tag?post=267794"}],"curies":[{"name":"wp","href":"https:\/\/api.w.org\/{rel}","templated":true}]}}