{"id":269559,"date":"2024-10-15T00:00:00","date_gmt":"2024-10-15T00:00:00","guid":{"rendered":""},"modified":"2024-10-15T14:02:29","modified_gmt":"2024-10-15T12:02:29","slug":"KF0602-es_ES","status":"publish","type":"product","link":"https:\/\/stage.rechner-sensors.com\/es\/producto\/KF0602-es_ES","title":{"rendered":"KFS-1-60-580-470-PTFE\/VAc-D16-PHG1-X05-Y75-2G-1\/2D"},"content":{"rendered":"","protected":false},"excerpt":{"rendered":"","protected":false},"featured_media":0,"template":"","meta":{"_acf_changed":false,"inline_featured_image":false},"product_cat":[4772],"product_tag":[],"class_list":{"0":"post-269559","1":"product","2":"type-product","3":"status-publish","5":"product_cat-capacitive_level_measurement_systems_es_ES","6":"entry","7":"post-inner","9":"first","10":"outofstock","11":"virtual","12":"product-type-simple"},"acf":{"datenblatt-de":null,"datenblatt-en":null,"datenblatt-fr":null,"datenblatt-es":null,"datenblatt-it":null,"pdf3d-file":null,"step-file":null,"kataloge-zuordnung":"","bedienungsanleitung-zuordnung-1":"79002172_BED_KFS-Montage-ATEX.pdf","bedienungsanleitung-zuordnung-2":"","zertifikate-zuordnung":"","zertifikat-1":"C-ATEX-E-185-DE-EN.pdf","zertifikat-2":"C-IECEx BVS 07.0032.pdf","zertifikat-3":"","zertifikat-4":"","zertifikat-5":"","declaration_of_conformity_1":"C-EC-Declaration_of_conformity_KFS_KFX_ATEX.pdf","declaration_of_conformity_2":"","artikelzubehoer":"","auswerter":"","sonden":"","auftragssperre":"Ja"},"cp_meta_data":{"_wcml_average_rating":[null],"_wcml_review_count":[null],"_wcml_rating_count":[null],"Label-zertifikat-1":["[certificate_1]"],"zertifikat-1":["C-ATEX-E-185-DE-EN.pdf"],"Label-zertifikat-2":["[certificate_2]"],"zertifikat-2":["C-IECEx BVS 07.0032.pdf"],"Label-declaration_of_conformity_1":["[declaration_of_conformity_1]"],"declaration_of_conformity_1":["C-EC-Declaration_of_conformity_KFS_KFX_ATEX.pdf"],"Label-bedienungsanleitung-zuordnung-1":["[operation_manual_1]"],"bedienungsanleitung-zuordnung-1":["79002172_BED_KFS-Montage-ATEX.pdf"],"_sku":["KF0602"],"_stock":["0"],"_manage_stock":["1"],"_regular_price":["1459.60"],"_price":["1459.60"],"_featured":["no"],"_virtual":["yes"],"_stock_status":["outofstock"],"_thumbnail_id":[""],"_product_image_gallery":[""],"total_sales":["0"],"_tax_status":["taxable"],"_tax_class":[""],"_backorders":["no"],"_sold_individually":["no"],"_downloadable":["no"],"_download_limit":["-1"],"_download_expiry":["-1"],"_wc_average_rating":[0],"_wc_review_count":["0"],"_product_attributes":["a:21:{s:9:\"pa_ul_csa\";a:6:{s:4:\"name\";s:9:\"pa_ul_csa\";s:5:\"value\";s:0:\"\";s:8:\"position\";i:0;s:10:\"is_visible\";i:0;s:12:\"is_variation\";i:0;s:11:\"is_taxonomy\";i:1;}s:11:\"pa_standard\";a:6:{s:4:\"name\";s:11:\"pa_standard\";s:5:\"value\";s:0:\"\";s:8:\"position\";i:1;s:10:\"is_visible\";i:0;s:12:\"is_variation\";i:0;s:11:\"is_taxonomy\";i:1;}s:13:\"pa_connection\";a:6:{s:4:\"name\";s:13:\"pa_connection\";s:5:\"value\";s:0:\"\";s:8:\"position\";i:2;s:10:\"is_visible\";i:0;s:12:\"is_variation\";i:0;s:11:\"is_taxonomy\";i:1;}s:14:\"pa_active_zone\";a:6:{s:4:\"name\";s:14:\"pa_active_zone\";s:5:\"value\";s:0:\"\";s:8:\"position\";i:3;s:10:\"is_visible\";i:0;s:12:\"is_variation\";i:0;s:11:\"is_taxonomy\";i:1;}s:14:\"pa_tube_length\";a:6:{s:4:\"name\";s:14:\"pa_tube_length\";s:5:\"value\";s:0:\"\";s:8:\"position\";i:4;s:10:\"is_visible\";i:0;s:12:\"is_variation\";i:0;s:11:\"is_taxonomy\";i:1;}s:17:\"pa_device_variant\";a:6:{s:4:\"name\";s:17:\"pa_device_variant\";s:5:\"value\";s:0:\"\";s:8:\"position\";i:5;s:10:\"is_visible\";i:0;s:12:\"is_variation\";i:0;s:11:\"is_taxonomy\";i:1;}s:17:\"pa_housing_design\";a:6:{s:4:\"name\";s:17:\"pa_housing_design\";s:5:\"value\";s:0:\"\";s:8:\"position\";i:6;s:10:\"is_visible\";i:0;s:12:\"is_variation\";i:0;s:11:\"is_taxonomy\";i:1;}s:18:\"pa_made_in_germany\";a:6:{s:4:\"name\";s:18:\"pa_made_in_germany\";s:5:\"value\";s:0:\"\";s:8:\"position\";i:7;s:10:\"is_visible\";i:0;s:12:\"is_variation\";i:0;s:11:\"is_taxonomy\";i:1;}s:18:\"pa_output_function\";a:6:{s:4:\"name\";s:18:\"pa_output_function\";s:5:\"value\";s:0:\"\";s:8:\"position\";i:8;s:10:\"is_visible\";i:0;s:12:\"is_variation\";i:0;s:11:\"is_taxonomy\";i:1;}s:19:\"pa_housing_material\";a:6:{s:4:\"name\";s:19:\"pa_housing_material\";s:5:\"value\";s:0:\"\";s:8:\"position\";i:9;s:10:\"is_visible\";i:0;s:12:\"is_variation\";i:0;s:11:\"is_taxonomy\";i:1;}s:19:\"pa_probe_connection\";a:6:{s:4:\"name\";s:19:\"pa_probe_connection\";s:5:\"value\";s:0:\"\";s:8:\"position\";i:10;s:10:\"is_visible\";i:0;s:12:\"is_variation\";i:0;s:11:\"is_taxonomy\";i:1;}s:19:\"pa_protection_class\";a:6:{s:4:\"name\";s:19:\"pa_protection_class\";s:5:\"value\";s:0:\"\";s:8:\"position\";i:11;s:10:\"is_visible\";i:0;s:12:\"is_variation\";i:0;s:11:\"is_taxonomy\";i:1;}s:19:\"pa_reference_length\";a:6:{s:4:\"name\";s:19:\"pa_reference_length\";s:5:\"value\";s:0:\"\";s:8:\"position\";i:12;s:10:\"is_visible\";i:0;s:12:\"is_variation\";i:0;s:11:\"is_taxonomy\";i:1;}s:20:\"pa_active_ecaluation\";a:6:{s:4:\"name\";s:20:\"pa_active_ecaluation\";s:5:\"value\";s:0:\"\";s:8:\"position\";i:13;s:10:\"is_visible\";i:0;s:12:\"is_variation\";i:0;s:11:\"is_taxonomy\";i:1;}s:20:\"pa_atex_approval_gas\";a:6:{s:4:\"name\";s:20:\"pa_atex_approval_gas\";s:5:\"value\";s:0:\"\";s:8:\"position\";i:14;s:10:\"is_visible\";i:0;s:12:\"is_variation\";i:0;s:11:\"is_taxonomy\";i:1;}s:20:\"pa_perm_amb_temp_max\";a:6:{s:4:\"name\";s:20:\"pa_perm_amb_temp_max\";s:5:\"value\";s:0:\"\";s:8:\"position\";i:15;s:10:\"is_visible\";i:0;s:12:\"is_variation\";i:0;s:11:\"is_taxonomy\";i:1;}s:21:\"pa_atex_approval_dust\";a:6:{s:4:\"name\";s:21:\"pa_atex_approval_dust\";s:5:\"value\";s:0:\"\";s:8:\"position\";i:16;s:10:\"is_visible\";i:0;s:12:\"is_variation\";i:0;s:11:\"is_taxonomy\";i:1;}s:22:\"pa_housing_material_az\";a:6:{s:4:\"name\";s:22:\"pa_housing_material_az\";s:5:\"value\";s:0:\"\";s:8:\"position\";i:17;s:10:\"is_visible\";i:0;s:12:\"is_variation\";i:0;s:11:\"is_taxonomy\";i:1;}s:22:\"pa_preecess_connection\";a:6:{s:4:\"name\";s:22:\"pa_preecess_connection\";s:5:\"value\";s:0:\"\";s:8:\"position\";i:18;s:10:\"is_visible\";i:0;s:12:\"is_variation\";i:0;s:11:\"is_taxonomy\";i:1;}s:23:\"pa_perm_amb_temp_active\";a:6:{s:4:\"name\";s:23:\"pa_perm_amb_temp_active\";s:5:\"value\";s:0:\"\";s:8:\"position\";i:19;s:10:\"is_visible\";i:0;s:12:\"is_variation\";i:0;s:11:\"is_taxonomy\";i:1;}s:26:\"pa_atex_product_ident_dust\";a:6:{s:4:\"name\";s:26:\"pa_atex_product_ident_dust\";s:5:\"value\";s:0:\"\";s:8:\"position\";i:20;s:10:\"is_visible\";i:0;s:12:\"is_variation\";i:0;s:11:\"is_taxonomy\";i:1;}}"],"_product_version":["9.0.2"],"_wc_rating_count":[""]},"yoast_head":"<!-- This site is optimized with the Yoast SEO plugin v27.0 - https:\/\/yoast.com\/product\/yoast-seo-wordpress\/ -->\n<title>KFS-1-60-580-470-PTFE\/VAc-D16-PHG1-X05-Y75-2G-1\/2D - Rechner Sensors<\/title>\n<meta name=\"robots\" content=\"noindex, follow, max-snippet:-1, max-image-preview:large, max-video-preview:-1\" \/>\n<meta property=\"og:locale\" content=\"es_ES\" \/>\n<meta property=\"og:type\" content=\"article\" \/>\n<meta property=\"og:title\" content=\"KFS-1-60-580-470-PTFE\/VAc-D16-PHG1-X05-Y75-2G-1\/2D - Rechner Sensors\" \/>\n<meta property=\"og:url\" content=\"https:\/\/stage.rechner-sensors.com\/es\/producto\/KF0602-es_ES\" \/>\n<meta property=\"og:site_name\" content=\"Rechner Sensors\" \/>\n<meta property=\"article:modified_time\" content=\"2024-10-15T12:02:29+00:00\" \/>\n<meta name=\"twitter:card\" content=\"summary_large_image\" \/>\n<script type=\"application\/ld+json\" class=\"yoast-schema-graph\">{\"@context\":\"https:\/\/schema.org\",\"@graph\":[{\"@type\":\"WebPage\",\"@id\":\"https:\/\/stage.rechner-sensors.com\/es\/producto\/KF0602-es_ES\",\"url\":\"https:\/\/stage.rechner-sensors.com\/es\/producto\/KF0602-es_ES\",\"name\":\"KFS-1-60-580-470-PTFE\/VAc-D16-PHG1-X05-Y75-2G-1\/2D - Rechner Sensors\",\"isPartOf\":{\"@id\":\"https:\/\/stage.rechner-sensors.com\/es#website\"},\"datePublished\":\"2024-10-15T00:00:00+00:00\",\"dateModified\":\"2024-10-15T12:02:29+00:00\",\"breadcrumb\":{\"@id\":\"https:\/\/stage.rechner-sensors.com\/es\/producto\/KF0602-es_ES#breadcrumb\"},\"inLanguage\":\"es\",\"potentialAction\":[{\"@type\":\"ReadAction\",\"target\":[\"https:\/\/stage.rechner-sensors.com\/es\/producto\/KF0602-es_ES\"]}]},{\"@type\":\"BreadcrumbList\",\"@id\":\"https:\/\/stage.rechner-sensors.com\/es\/producto\/KF0602-es_ES#breadcrumb\",\"itemListElement\":[{\"@type\":\"ListItem\",\"position\":1,\"name\":\"Start\",\"item\":\"https:\/\/stage.rechner-sensors.com\/es\"},{\"@type\":\"ListItem\",\"position\":2,\"name\":\"Comercio\",\"item\":\"https:\/\/stage.rechner-sensors.com\/es\/comercio\"},{\"@type\":\"ListItem\",\"position\":3,\"name\":\"KFS-1-60-580-470-PTFE\/VAc-D16-PHG1-X05-Y75-2G-1\/2D, ATEX\"}]},{\"@type\":\"WebSite\",\"@id\":\"https:\/\/stage.rechner-sensors.com\/es#website\",\"url\":\"https:\/\/stage.rechner-sensors.com\/es\",\"name\":\"Rechner Sensors\",\"description\":\"[:de]Marktf\u00fchrer in kapazitiver Sensortechnologie und Qualit\u00e4t.[:en]Capacitive Sensors \u2013 for more than 50 years our special field.[:fr]Les capteurs capacitifs \u2013 depuis plus de 50 ans notre c\u0153ur de m\u00e9tier.[:es]Sensores capacitivos - desde m\u00e1s de 50 a\u00f1os nuestro campo de especialidad.[:it]Sensores capacitivos - desde m\u00e1s de 50 a\u00f1os nuestro campo de especialidad.[:]\",\"potentialAction\":[{\"@type\":\"SearchAction\",\"target\":{\"@type\":\"EntryPoint\",\"urlTemplate\":\"https:\/\/stage.rechner-sensors.com\/es?s={search_term_string}\"},\"query-input\":{\"@type\":\"PropertyValueSpecification\",\"valueRequired\":true,\"valueName\":\"search_term_string\"}}],\"inLanguage\":\"es\"}]}<\/script>\n<!-- \/ Yoast SEO plugin. -->","yoast_head_json":{"title":"KFS-1-60-580-470-PTFE\/VAc-D16-PHG1-X05-Y75-2G-1\/2D - Rechner Sensors","robots":{"index":"noindex","follow":"follow","max-snippet":"max-snippet:-1","max-image-preview":"max-image-preview:large","max-video-preview":"max-video-preview:-1"},"og_locale":"es_ES","og_type":"article","og_title":"KFS-1-60-580-470-PTFE\/VAc-D16-PHG1-X05-Y75-2G-1\/2D - Rechner Sensors","og_url":"https:\/\/stage.rechner-sensors.com\/es\/producto\/KF0602-es_ES","og_site_name":"Rechner Sensors","article_modified_time":"2024-10-15T12:02:29+00:00","twitter_card":"summary_large_image","schema":{"@context":"https:\/\/schema.org","@graph":[{"@type":"WebPage","@id":"https:\/\/stage.rechner-sensors.com\/es\/producto\/KF0602-es_ES","url":"https:\/\/stage.rechner-sensors.com\/es\/producto\/KF0602-es_ES","name":"KFS-1-60-580-470-PTFE\/VAc-D16-PHG1-X05-Y75-2G-1\/2D - Rechner Sensors","isPartOf":{"@id":"https:\/\/stage.rechner-sensors.com\/es#website"},"datePublished":"2024-10-15T00:00:00+00:00","dateModified":"2024-10-15T12:02:29+00:00","breadcrumb":{"@id":"https:\/\/stage.rechner-sensors.com\/es\/producto\/KF0602-es_ES#breadcrumb"},"inLanguage":"es","potentialAction":[{"@type":"ReadAction","target":["https:\/\/stage.rechner-sensors.com\/es\/producto\/KF0602-es_ES"]}]},{"@type":"BreadcrumbList","@id":"https:\/\/stage.rechner-sensors.com\/es\/producto\/KF0602-es_ES#breadcrumb","itemListElement":[{"@type":"ListItem","position":1,"name":"Start","item":"https:\/\/stage.rechner-sensors.com\/es"},{"@type":"ListItem","position":2,"name":"Comercio","item":"https:\/\/stage.rechner-sensors.com\/es\/comercio"},{"@type":"ListItem","position":3,"name":"KFS-1-60-580-470-PTFE\/VAc-D16-PHG1-X05-Y75-2G-1\/2D, ATEX"}]},{"@type":"WebSite","@id":"https:\/\/stage.rechner-sensors.com\/es#website","url":"https:\/\/stage.rechner-sensors.com\/es","name":"Rechner Sensors","description":"[:de]Marktf\u00fchrer in kapazitiver Sensortechnologie und Qualit\u00e4t.[:en]Capacitive Sensors \u2013 for more than 50 years our special field.[:fr]Les capteurs capacitifs \u2013 depuis plus de 50 ans notre c\u0153ur de m\u00e9tier.[:es]Sensores capacitivos - desde m\u00e1s de 50 a\u00f1os nuestro campo de especialidad.[:it]Sensores capacitivos - desde m\u00e1s de 50 a\u00f1os nuestro campo de especialidad.[:]","potentialAction":[{"@type":"SearchAction","target":{"@type":"EntryPoint","urlTemplate":"https:\/\/stage.rechner-sensors.com\/es?s={search_term_string}"},"query-input":{"@type":"PropertyValueSpecification","valueRequired":true,"valueName":"search_term_string"}}],"inLanguage":"es"}]}},"_links":{"self":[{"href":"https:\/\/stage.rechner-sensors.com\/es\/wp-json\/wp\/v2\/product\/269559","targetHints":{"allow":["GET"]}}],"collection":[{"href":"https:\/\/stage.rechner-sensors.com\/es\/wp-json\/wp\/v2\/product"}],"about":[{"href":"https:\/\/stage.rechner-sensors.com\/es\/wp-json\/wp\/v2\/types\/product"}],"wp:attachment":[{"href":"https:\/\/stage.rechner-sensors.com\/es\/wp-json\/wp\/v2\/media?parent=269559"}],"wp:term":[{"taxonomy":"product_cat","embeddable":true,"href":"https:\/\/stage.rechner-sensors.com\/es\/wp-json\/wp\/v2\/product_cat?post=269559"},{"taxonomy":"product_tag","embeddable":true,"href":"https:\/\/stage.rechner-sensors.com\/es\/wp-json\/wp\/v2\/product_tag?post=269559"}],"curies":[{"name":"wp","href":"https:\/\/api.w.org\/{rel}","templated":true}]}}