{"id":51145,"date":"2016-05-13T14:37:14","date_gmt":"2016-05-13T12:37:14","guid":{"rendered":"https:\/\/wpml.rechner-sensors.com\/profile"},"modified":"2023-09-25T16:28:37","modified_gmt":"2023-09-25T14:28:37","slug":"profile","status":"publish","type":"page","link":"https:\/\/stage.rechner-sensors.com\/it\/profile","title":{"rendered":"Profile"},"content":{"rendered":"<div class=\"wpb-content-wrapper\">[vc_row][vc_column width=&#8221;1\/3&#8243;]                    <script type=\"text\/javascript\">\r\n                    jQuery(document).ready(function(){\r\n                        jQuery('.rhvc_card--result-trigger').click(function() {\r\n           \r\n                                jQuery('.rhvc_card--result-trigger').removeClass('rhvc_card_open');\r\n\r\n                                let resultId = jQuery(this).data('result');\r\n \r\n                                jQuery(this).addClass('rhvc_card_open');\r\n\r\n                                if (jQuery('.rhvc_card_result_row').is(':visible')) {\r\n                                    jQuery('.rhvc_card_result_row').not('#'+resultId).slideUp('fast', 'linear');\r\n                                }\r\n\r\n                                \/\/ jQuery('#'+resultId).removeClass('hidden_result').slideToggle(500);  \r\n                                jQuery('#'+resultId).slideDown(\"fast\", 'linear' , function() {\r\n                                    \/\/ \/\/ jQuery(this).removeClass('hidden_result').removeAttr(\"style\");\r\n                                    \/\/ jQuery(this).removeClass('hidden_result');\r\n                                });\r\n                                \/\/ jQuery('#'+resultId).removeClass('hidden_result');\r\n       \r\n                        });\r\n                    });\r\n            <\/script>\r\n         \r\n            <div class=\"rhvc_card rhvc_card--default\" >\r\n                <div class=\"featured_wrap\"><a href=\"https:\/\/www.rechner-sensors.com\/it\/profile\/riguardo-rechner\" title=\"Riguardo a noi target=\"_self\"><img decoding=\"async\" src=\"https:\/\/stage.rechner-sensors.com\/wp-content\/uploads\/2022\/03\/firma_gebaeude_firmenprofil.png\" \/><\/a><\/div><div class=\"rhvc_card__content\"> <p class=\"paragraph\"><\/p> <h3>Chi siamo<p><\/p><a class=\"arrow_button\" href=\"https:\/\/www.rechner-sensors.com\/it\/profile\/riguardo-rechner\" title=\"Riguardo a noi target=\"_self\">Riguardo a noi<\/a><\/div>            <\/div>\r\n            \r\n                \r\n\t\t[\/vc_column][vc_column width=&#8221;1\/3&#8243;]                    <script type=\"text\/javascript\">\r\n                    jQuery(document).ready(function(){\r\n                        jQuery('.rhvc_card--result-trigger').click(function() {\r\n           \r\n                                jQuery('.rhvc_card--result-trigger').removeClass('rhvc_card_open');\r\n\r\n                                let resultId = jQuery(this).data('result');\r\n \r\n                                jQuery(this).addClass('rhvc_card_open');\r\n\r\n                                if (jQuery('.rhvc_card_result_row').is(':visible')) {\r\n                                    jQuery('.rhvc_card_result_row').not('#'+resultId).slideUp('fast', 'linear');\r\n                                }\r\n\r\n                                \/\/ jQuery('#'+resultId).removeClass('hidden_result').slideToggle(500);  \r\n                                jQuery('#'+resultId).slideDown(\"fast\", 'linear' , function() {\r\n                                    \/\/ \/\/ jQuery(this).removeClass('hidden_result').removeAttr(\"style\");\r\n                                    \/\/ jQuery(this).removeClass('hidden_result');\r\n                                });\r\n                                \/\/ jQuery('#'+resultId).removeClass('hidden_result');\r\n       \r\n                        });\r\n                    });\r\n            <\/script>\r\n         \r\n            <div class=\"rhvc_card rhvc_card--default\" >\r\n                <div class=\"featured_wrap\"><a href=\"https:\/\/www.rechner-sensors.com\/it\/profile\/organigramma-struttura-del-processo\" title=\"Organizzazione dello schema target=\"_self\"><img decoding=\"async\" src=\"https:\/\/stage.rechner-sensors.com\/wp-content\/uploads\/2022\/03\/mitarbeiter_koepfe_blau_grau_denkplan_firmenprofil.png\" \/><\/a><\/div><div class=\"rhvc_card__content\"> <p class=\"paragraph\"><\/p> <h3>I pensieri dietro l\u00b4azienda<p><\/p><a class=\"arrow_button\" href=\"https:\/\/www.rechner-sensors.com\/it\/profile\/organigramma-struttura-del-processo\" title=\"Organizzazione dello schema target=\"_self\">Organizzazione dello schema<\/a><\/div>            <\/div>\r\n            \r\n                \r\n\t\t[\/vc_column][vc_column width=&#8221;1\/3&#8243;]                    <script type=\"text\/javascript\">\r\n                    jQuery(document).ready(function(){\r\n                        jQuery('.rhvc_card--result-trigger').click(function() {\r\n           \r\n                                jQuery('.rhvc_card--result-trigger').removeClass('rhvc_card_open');\r\n\r\n                                let resultId = jQuery(this).data('result');\r\n \r\n                                jQuery(this).addClass('rhvc_card_open');\r\n\r\n                                if (jQuery('.rhvc_card_result_row').is(':visible')) {\r\n                                    jQuery('.rhvc_card_result_row').not('#'+resultId).slideUp('fast', 'linear');\r\n                                }\r\n\r\n                                \/\/ jQuery('#'+resultId).removeClass('hidden_result').slideToggle(500);  \r\n                                jQuery('#'+resultId).slideDown(\"fast\", 'linear' , function() {\r\n                                    \/\/ \/\/ jQuery(this).removeClass('hidden_result').removeAttr(\"style\");\r\n                                    \/\/ jQuery(this).removeClass('hidden_result');\r\n                                });\r\n                                \/\/ jQuery('#'+resultId).removeClass('hidden_result');\r\n       \r\n                        });\r\n                    });\r\n            <\/script>\r\n         \r\n            <div class=\"rhvc_card rhvc_card--default\" >\r\n                <div class=\"featured_wrap\"><a href=\"https:\/\/www.rechner-sensors.com\/it\/profile\/codice-di-comportamento-iso-26000\" title=\"Code of Conduct target=\"_self\"><img decoding=\"async\" src=\"https:\/\/stage.rechner-sensors.com\/wp-content\/uploads\/2022\/03\/die_wuerde_des_menschen_werte_unantastbar_FIRMENPROFil_rechner_sensors_geschaeftsfuehrer.png\" \/><\/a><\/div><div class=\"rhvc_card__content\"> <p class=\"paragraph\"><\/p> <h3>I nostri valori<p><\/p><a class=\"arrow_button\" href=\"https:\/\/www.rechner-sensors.com\/it\/profile\/codice-di-comportamento-iso-26000\" title=\"Code of Conduct target=\"_self\">Code of Conduct<\/a><\/div>            <\/div>\r\n            \r\n                \r\n\t\t[\/vc_column][\/vc_row][vc_row][vc_column width=&#8221;1\/3&#8243;]                    <script type=\"text\/javascript\">\r\n                    jQuery(document).ready(function(){\r\n                        jQuery('.rhvc_card--result-trigger').click(function() {\r\n           \r\n                                jQuery('.rhvc_card--result-trigger').removeClass('rhvc_card_open');\r\n\r\n                                let resultId = jQuery(this).data('result');\r\n \r\n                                jQuery(this).addClass('rhvc_card_open');\r\n\r\n                                if (jQuery('.rhvc_card_result_row').is(':visible')) {\r\n                                    jQuery('.rhvc_card_result_row').not('#'+resultId).slideUp('fast', 'linear');\r\n                                }\r\n\r\n                                \/\/ jQuery('#'+resultId).removeClass('hidden_result').slideToggle(500);  \r\n                                jQuery('#'+resultId).slideDown(\"fast\", 'linear' , function() {\r\n                                    \/\/ \/\/ jQuery(this).removeClass('hidden_result').removeAttr(\"style\");\r\n                                    \/\/ jQuery(this).removeClass('hidden_result');\r\n                                });\r\n                                \/\/ jQuery('#'+resultId).removeClass('hidden_result');\r\n       \r\n                        });\r\n                    });\r\n            <\/script>\r\n         \r\n            <div class=\"rhvc_card rhvc_card--default\" >\r\n                <div class=\"featured_wrap\"><a href=\"https:\/\/www.rechner-sensors.com\/it\/events\" title=\"Dove e quando ci puoi trovare target=\"_self\"><img decoding=\"async\" src=\"https:\/\/stage.rechner-sensors.com\/wp-content\/uploads\/2022\/03\/SPS-11.2017-010-scaled.jpg\" \/><\/a><\/div><div class=\"rhvc_card__content\"> <p class=\"paragraph\"><\/p> <h3>Fiera<p><\/p><a class=\"arrow_button\" href=\"https:\/\/www.rechner-sensors.com\/it\/events\" title=\"Dove e quando ci puoi trovare target=\"_self\">Dove e quando ci puoi trovare<\/a><\/div>            <\/div>\r\n            \r\n                \r\n\t\t[\/vc_column][vc_column width=&#8221;1\/3&#8243;]                    <script type=\"text\/javascript\">\r\n                    jQuery(document).ready(function(){\r\n                        jQuery('.rhvc_card--result-trigger').click(function() {\r\n           \r\n                                jQuery('.rhvc_card--result-trigger').removeClass('rhvc_card_open');\r\n\r\n                                let resultId = jQuery(this).data('result');\r\n \r\n                                jQuery(this).addClass('rhvc_card_open');\r\n\r\n                                if (jQuery('.rhvc_card_result_row').is(':visible')) {\r\n                                    jQuery('.rhvc_card_result_row').not('#'+resultId).slideUp('fast', 'linear');\r\n                                }\r\n\r\n                                \/\/ jQuery('#'+resultId).removeClass('hidden_result').slideToggle(500);  \r\n                                jQuery('#'+resultId).slideDown(\"fast\", 'linear' , function() {\r\n                                    \/\/ \/\/ jQuery(this).removeClass('hidden_result').removeAttr(\"style\");\r\n                                    \/\/ jQuery(this).removeClass('hidden_result');\r\n                                });\r\n                                \/\/ jQuery('#'+resultId).removeClass('hidden_result');\r\n       \r\n                        });\r\n                    });\r\n            <\/script>\r\n         \r\n            <div class=\"rhvc_card rhvc_card--default\" >\r\n                <div class=\"featured_wrap\"><a href=\"https:\/\/www.rechner-sensors.com\/it\/profile\/download-area\" title=\"Area download per ulteriori dati target=\"_self\"><img decoding=\"async\" src=\"https:\/\/stage.rechner-sensors.com\/wp-content\/uploads\/2022\/04\/schluessel_login_download.png\" \/><\/a><\/div><div class=\"rhvc_card__content\"> <p class=\"paragraph\"><\/p> <h3>Area di accesso<p><\/p><a class=\"arrow_button\" href=\"https:\/\/www.rechner-sensors.com\/it\/profile\/download-area\" title=\"Area download per ulteriori dati target=\"_self\">Area download per ulteriori dati<\/a><\/div>            <\/div>\r\n            \r\n                \r\n\t\t[\/vc_column][vc_column width=&#8221;1\/3&#8243;][\/vc_column][\/vc_row]\n<\/div>","protected":false},"excerpt":{"rendered":"<p>[vc_row][vc_column width=&#8221;1\/3&#8243;][\/vc_column][vc_column width=&#8221;1\/3&#8243;][\/vc_column][vc_column width=&#8221;1\/3&#8243;][\/vc_column][\/vc_row][vc_row][vc_column width=&#8221;1\/3&#8243;][\/vc_column][vc_column width=&#8221;1\/3&#8243;][\/vc_column][vc_column width=&#8221;1\/3&#8243;][\/vc_column][\/vc_row]<\/p>\n","protected":false},"author":1,"featured_media":0,"parent":0,"menu_order":0,"comment_status":"closed","ping_status":"closed","template":"","meta":{"_acf_changed":false,"inline_featured_image":false,"footnotes":""},"class_list":["post-51145","page","type-page","status-publish","hentry","entry","post-inner"],"acf":[],"yoast_head":"<!-- This site is optimized with the Yoast SEO plugin v27.0 - https:\/\/yoast.com\/product\/yoast-seo-wordpress\/ -->\n<title>Profile - Rechner Sensors<\/title>\n<meta name=\"robots\" content=\"noindex, follow, max-snippet:-1, max-image-preview:large, max-video-preview:-1\" \/>\n<meta property=\"og:locale\" content=\"it_IT\" \/>\n<meta property=\"og:type\" content=\"article\" \/>\n<meta property=\"og:title\" content=\"Profile - Rechner Sensors\" \/>\n<meta property=\"og:description\" content=\"[vc_row][vc_column width=&#8221;1\/3&#8243;][\/vc_column][vc_column width=&#8221;1\/3&#8243;][\/vc_column][vc_column width=&#8221;1\/3&#8243;][\/vc_column][\/vc_row][vc_row][vc_column width=&#8221;1\/3&#8243;][\/vc_column][vc_column width=&#8221;1\/3&#8243;][\/vc_column][vc_column width=&#8221;1\/3&#8243;][\/vc_column][\/vc_row]\" \/>\n<meta property=\"og:url\" content=\"https:\/\/stage.rechner-sensors.com\/it\/profile\" \/>\n<meta property=\"og:site_name\" content=\"Rechner Sensors\" \/>\n<meta property=\"article:modified_time\" content=\"2023-09-25T14:28:37+00:00\" \/>\n<meta name=\"twitter:card\" content=\"summary_large_image\" \/>\n<meta name=\"twitter:label1\" content=\"Tempo di lettura stimato\" \/>\n\t<meta name=\"twitter:data1\" content=\"1 minuto\" \/>\n<script type=\"application\/ld+json\" class=\"yoast-schema-graph\">{\"@context\":\"https:\/\/schema.org\",\"@graph\":[{\"@type\":\"WebPage\",\"@id\":\"https:\/\/stage.rechner-sensors.com\/it\/profile\",\"url\":\"https:\/\/stage.rechner-sensors.com\/it\/profile\",\"name\":\"Profile - Rechner Sensors\",\"isPartOf\":{\"@id\":\"https:\/\/stage.rechner-sensors.com\/it#website\"},\"datePublished\":\"2016-05-13T12:37:14+00:00\",\"dateModified\":\"2023-09-25T14:28:37+00:00\",\"breadcrumb\":{\"@id\":\"https:\/\/stage.rechner-sensors.com\/it\/profile#breadcrumb\"},\"inLanguage\":\"it-IT\",\"potentialAction\":[{\"@type\":\"ReadAction\",\"target\":[\"https:\/\/stage.rechner-sensors.com\/it\/profile\"]}]},{\"@type\":\"BreadcrumbList\",\"@id\":\"https:\/\/stage.rechner-sensors.com\/it\/profile#breadcrumb\",\"itemListElement\":[{\"@type\":\"ListItem\",\"position\":1,\"name\":\"Start\",\"item\":\"https:\/\/stage.rechner-sensors.com\/it\"},{\"@type\":\"ListItem\",\"position\":2,\"name\":\"Profile\"}]},{\"@type\":\"WebSite\",\"@id\":\"https:\/\/stage.rechner-sensors.com\/it#website\",\"url\":\"https:\/\/stage.rechner-sensors.com\/it\",\"name\":\"Rechner Sensors\",\"description\":\"[:de]Marktf\u00fchrer in kapazitiver Sensortechnologie und Qualit\u00e4t.[:en]Capacitive Sensors \u2013 for more than 50 years our special field.[:fr]Les capteurs capacitifs \u2013 depuis plus de 50 ans notre c\u0153ur de m\u00e9tier.[:es]Sensores capacitivos - desde m\u00e1s de 50 a\u00f1os nuestro campo de especialidad.[:it]Sensores capacitivos - desde m\u00e1s de 50 a\u00f1os nuestro campo de especialidad.[:]\",\"potentialAction\":[{\"@type\":\"SearchAction\",\"target\":{\"@type\":\"EntryPoint\",\"urlTemplate\":\"https:\/\/stage.rechner-sensors.com\/it?s={search_term_string}\"},\"query-input\":{\"@type\":\"PropertyValueSpecification\",\"valueRequired\":true,\"valueName\":\"search_term_string\"}}],\"inLanguage\":\"it-IT\"}]}<\/script>\n<!-- \/ Yoast SEO plugin. -->","yoast_head_json":{"title":"Profile - Rechner Sensors","robots":{"index":"noindex","follow":"follow","max-snippet":"max-snippet:-1","max-image-preview":"max-image-preview:large","max-video-preview":"max-video-preview:-1"},"og_locale":"it_IT","og_type":"article","og_title":"Profile - Rechner Sensors","og_description":"[vc_row][vc_column width=&#8221;1\/3&#8243;][\/vc_column][vc_column width=&#8221;1\/3&#8243;][\/vc_column][vc_column width=&#8221;1\/3&#8243;][\/vc_column][\/vc_row][vc_row][vc_column width=&#8221;1\/3&#8243;][\/vc_column][vc_column width=&#8221;1\/3&#8243;][\/vc_column][vc_column width=&#8221;1\/3&#8243;][\/vc_column][\/vc_row]","og_url":"https:\/\/stage.rechner-sensors.com\/it\/profile","og_site_name":"Rechner Sensors","article_modified_time":"2023-09-25T14:28:37+00:00","twitter_card":"summary_large_image","twitter_misc":{"Tempo di lettura stimato":"1 minuto"},"schema":{"@context":"https:\/\/schema.org","@graph":[{"@type":"WebPage","@id":"https:\/\/stage.rechner-sensors.com\/it\/profile","url":"https:\/\/stage.rechner-sensors.com\/it\/profile","name":"Profile - Rechner Sensors","isPartOf":{"@id":"https:\/\/stage.rechner-sensors.com\/it#website"},"datePublished":"2016-05-13T12:37:14+00:00","dateModified":"2023-09-25T14:28:37+00:00","breadcrumb":{"@id":"https:\/\/stage.rechner-sensors.com\/it\/profile#breadcrumb"},"inLanguage":"it-IT","potentialAction":[{"@type":"ReadAction","target":["https:\/\/stage.rechner-sensors.com\/it\/profile"]}]},{"@type":"BreadcrumbList","@id":"https:\/\/stage.rechner-sensors.com\/it\/profile#breadcrumb","itemListElement":[{"@type":"ListItem","position":1,"name":"Start","item":"https:\/\/stage.rechner-sensors.com\/it"},{"@type":"ListItem","position":2,"name":"Profile"}]},{"@type":"WebSite","@id":"https:\/\/stage.rechner-sensors.com\/it#website","url":"https:\/\/stage.rechner-sensors.com\/it","name":"Rechner Sensors","description":"[:de]Marktf\u00fchrer in kapazitiver Sensortechnologie und Qualit\u00e4t.[:en]Capacitive Sensors \u2013 for more than 50 years our special field.[:fr]Les capteurs capacitifs \u2013 depuis plus de 50 ans notre c\u0153ur de m\u00e9tier.[:es]Sensores capacitivos - desde m\u00e1s de 50 a\u00f1os nuestro campo de especialidad.[:it]Sensores capacitivos - desde m\u00e1s de 50 a\u00f1os nuestro campo de especialidad.[:]","potentialAction":[{"@type":"SearchAction","target":{"@type":"EntryPoint","urlTemplate":"https:\/\/stage.rechner-sensors.com\/it?s={search_term_string}"},"query-input":{"@type":"PropertyValueSpecification","valueRequired":true,"valueName":"search_term_string"}}],"inLanguage":"it-IT"}]}},"_links":{"self":[{"href":"https:\/\/stage.rechner-sensors.com\/it\/wp-json\/wp\/v2\/pages\/51145","targetHints":{"allow":["GET"]}}],"collection":[{"href":"https:\/\/stage.rechner-sensors.com\/it\/wp-json\/wp\/v2\/pages"}],"about":[{"href":"https:\/\/stage.rechner-sensors.com\/it\/wp-json\/wp\/v2\/types\/page"}],"author":[{"embeddable":true,"href":"https:\/\/stage.rechner-sensors.com\/it\/wp-json\/wp\/v2\/users\/1"}],"replies":[{"embeddable":true,"href":"https:\/\/stage.rechner-sensors.com\/it\/wp-json\/wp\/v2\/comments?post=51145"}],"version-history":[{"count":0,"href":"https:\/\/stage.rechner-sensors.com\/it\/wp-json\/wp\/v2\/pages\/51145\/revisions"}],"wp:attachment":[{"href":"https:\/\/stage.rechner-sensors.com\/it\/wp-json\/wp\/v2\/media?parent=51145"}],"curies":[{"name":"wp","href":"https:\/\/api.w.org\/{rel}","templated":true}]}}