{"id":51269,"date":"2016-11-18T11:54:31","date_gmt":"2016-11-18T10:54:31","guid":{"rendered":"https:\/\/wpml.rechner-sensors.com\/rechner-canada-usa"},"modified":"2022-11-28T13:29:42","modified_gmt":"2022-11-28T12:29:42","slug":"rechner-canada-usa","status":"publish","type":"page","link":"https:\/\/stage.rechner-sensors.com\/it\/contatto\/rechner-canada-usa","title":{"rendered":"Rechner Canada \/ USA"},"content":{"rendered":"<div class=\"wpb-content-wrapper\">[vc_row full_width=&#8221;stretch_row&#8221; el_class=&#8221;lightgrey&#8221;][vc_column width=&#8221;1\/2&#8243;][vc_column_text]\n<h2>Indirizzo<\/h2>\n<p><strong>Rechner Canada<\/strong><br \/>\nRechner Automation Inc.<br \/>\n348 Bronte Street South, Unit 11<br \/>\nMilton, ON<br \/>\nL9T5B6<\/p>\n<p><strong>Rechner Electronics Industries, Inc.<\/strong><br \/>\n6311 Inducon Corporate Drive, Suite 5,<br \/>\nSanborn, NY 14132<\/p>\n<p><strong>Telefono:<\/strong> +1 800 5444106<br \/>\n<strong>Fax:<\/strong> +1 905 6360867<br \/>\n<strong>Website:<\/strong> <a href=\"http:\/\/www.rechner.com\" target=\"_blank\" rel=\"noopener\">www.rechner.com<\/a>[\/vc_column_text][\/vc_column][vc_column width=&#8221;1\/2&#8243;]<div class=\"BorlabsCookie _brlbs-cb-googlemaps\"><div class=\"_brlbs-content-blocker\"> <div class=\"_brlbs-embed _brlbs-google-maps\"> <img decoding=\"async\" class=\"_brlbs-thumbnail\" src=\"https:\/\/stage.rechner-sensors.com\/wp-content\/plugins\/borlabs-cookie\/assets\/images\/cb-maps.png\" alt=\"Google Maps\"> <div class=\"_brlbs-caption\"> <p>Caricando la mappa, accetti l'informativa sulla privacy di Google.<br><a href=\"https:\/\/policies.google.com\/privacy\" target=\"_blank\" rel=\"nofollow noopener noreferrer\">Scopri di pi\u00f9<\/a><\/p> <p><a class=\"_brlbs-btn\" href=\"#\" data-borlabs-cookie-unblock role=\"button\">carica mappa<\/a><\/p> <p><label><input type=\"checkbox\" name=\"unblockAll\" value=\"1\" checked> <small>Sblocca sempre Google Maps<\/small><\/label><\/p> <\/div> <\/div> <\/div><div class=\"borlabs-hide\" data-borlabs-cookie-type=\"content-blocker\" data-borlabs-cookie-id=\"googlemaps\"><script type=\"text\/template\">PGRpdiBpZD0nd3JhcF9tYXBfNjllNzRjNWZiNTc4OCcgY2xhc3M9J3VsdGltYXRlLW1hcC13cmFwcGVyIHVsdC1hZGp1c3QtYm90dG9tLW1hcmdpbiAnIHN0eWxlPScgaGVpZ2h0OjQ1MHB4Oyc+PGRpdiBpZD0nbWFwXzY5ZTc0YzVmYjU3ODgnIGRhdGEtbWFwX292ZXJyaWRlPScwJyBjbGFzcz0ndWx0aW1hdGVfZ29vZ2xlX21hcCB3cGJfY29udGVudF9lbGVtZW50IHBhZ2VfbWFyZ2luX3RvcCcgc3R5bGU9J3dpZHRoOjEwMCU7aGVpZ2h0OjQ1MHB4Oyc+PC9kaXY+PC9kaXY+PHNjcmlwdCB0eXBlPSd0ZXh0L2phdmFzY3JpcHQnPg0KCQkJKGZ1bmN0aW9uKCQpIHsNCiAgCQkJJ3VzZSBzdHJpY3QnOw0KCQkJdmFyIG1hcF9tYXBfNjllNzRjNWZiNTc4OCA9IG51bGw7DQoJCQl2YXIgY29vcmRpbmF0ZV9tYXBfNjllNzRjNWZiNTc4ODsNCgkJCXZhciBpc0RyYWdnYWJsZSA9ICQoZG9jdW1lbnQpLndpZHRoKCkgPiA2NDEgPyB0cnVlIDogdHJ1ZTsNCgkJCXRyeQ0KCQkJew0KCQkJCXZhciBtYXBfbWFwXzY5ZTc0YzVmYjU3ODggPSBudWxsOw0KCQkJCXZhciBjb29yZGluYXRlX21hcF82OWU3NGM1ZmI1Nzg4Ow0KCQkJCWNvb3JkaW5hdGVfbWFwXzY5ZTc0YzVmYjU3ODg9bmV3IGdvb2dsZS5tYXBzLkxhdExuZyg0My4xMTg3NjQ3OTk5OTk5OSwgLTc4LjkxODQ2NjUwMDAwMDAyKTsNCgkJCQl2YXIgbWFwT3B0aW9ucz0NCgkJCQl7DQoJCQkJCXpvb206IDE1LA0KCQkJCQljZW50ZXI6IGNvb3JkaW5hdGVfbWFwXzY5ZTc0YzVmYjU3ODgsDQoJCQkJCXNjYWxlQ29udHJvbDogdHJ1ZSwNCgkJCQkJc3RyZWV0Vmlld0NvbnRyb2w6IGZhbHNlLA0KCQkJCQltYXBUeXBlQ29udHJvbDogZmFsc2UsDQoJCQkJCXBhbkNvbnRyb2w6IGZhbHNlLA0KCQkJCQl6b29tQ29udHJvbDogdHJ1ZSwNCgkJCQkJc2Nyb2xsd2hlZWw6IHRydWUsDQoJCQkJCWRyYWdnYWJsZTogaXNEcmFnZ2FibGUsDQoJCQkJCXpvb21Db250cm9sT3B0aW9uczogew0KCQkJCQkJcG9zaXRpb246IGdvb2dsZS5tYXBzLkNvbnRyb2xQb3NpdGlvbi5SSUdIVF9CT1RUT00NCgkJCQkJfSwgbWFwVHlwZUNvbnRyb2xPcHRpb25zOiB7DQoJCQkJCSAgCQltYXBUeXBlSWRzOiBbZ29vZ2xlLm1hcHMuTWFwVHlwZUlkLlJPQURNQVAsICdtYXBfc3R5bGUnXQ0KCQkJCQkJfX07dmFyIHN0eWxlcyA9IFt7ImZlYXR1cmVUeXBlIjoiYWxsIiwic3R5bGVycyI6W3sic2F0dXJhdGlvbiI6MH0seyJodWUiOiIjZTdlY2YwIn1dfSx7ImZlYXR1cmVUeXBlIjoicm9hZCIsInN0eWxlcnMiOlt7InNhdHVyYXRpb24iOi03MH1dfSx7ImZlYXR1cmVUeXBlIjoidHJhbnNpdCIsInN0eWxlcnMiOlt7InZpc2liaWxpdHkiOiJvZmYifV19LHsiZmVhdHVyZVR5cGUiOiJwb2kiLCJzdHlsZXJzIjpbeyJ2aXNpYmlsaXR5Ijoib2ZmIn1dfSx7ImZlYXR1cmVUeXBlIjoid2F0ZXIiLCJzdHlsZXJzIjpbeyJ2aXNpYmlsaXR5Ijoic2ltcGxpZmllZCJ9LHsic2F0dXJhdGlvbiI6LTYwfV19XTsgdmFyIHN0eWxlZE1hcCA9IG5ldyBnb29nbGUubWFwcy5TdHlsZWRNYXBUeXBlKHN0eWxlcyx7bmFtZTogIlN0eWxlZCBNYXAifSk7dmFyIG1hcF9tYXBfNjllNzRjNWZiNTc4OCA9IG5ldyBnb29nbGUubWFwcy5NYXAoZG9jdW1lbnQuZ2V0RWxlbWVudEJ5SWQoJ21hcF82OWU3NGM1ZmI1Nzg4JyksbWFwT3B0aW9ucyk7bWFwX21hcF82OWU3NGM1ZmI1Nzg4Lm1hcFR5cGVzLnNldCgnbWFwX3N0eWxlJywgc3R5bGVkTWFwKTsNCiAJCQkJCQkJIG1hcF9tYXBfNjllNzRjNWZiNTc4OC5zZXRNYXBUeXBlSWQoJ21hcF9zdHlsZScpOw0KCQkJCQkJdmFyIHggPSAnaW5mb3dpbmRvd19vcGVuX3ZhbHVlJzsNCgkJCQkJCXZhciBtYXJrZXJfbWFwXzY5ZTc0YzVmYjU3ODggPSBuZXcgZ29vZ2xlLm1hcHMuTWFya2VyKHsNCgkJCQkJCXBvc2l0aW9uOiBuZXcgZ29vZ2xlLm1hcHMuTGF0TG5nKDQzLjExODc2NDc5OTk5OTk5LCAtNzguOTE4NDY2NTAwMDAwMDIpLA0KCQkJCQkJYW5pbWF0aW9uOiAgZ29vZ2xlLm1hcHMuQW5pbWF0aW9uLkRST1AsDQoJCQkJCQltYXA6IG1hcF9tYXBfNjllNzRjNWZiNTc4OCwNCgkJCQkJCWljb246ICdodHRwczovL3N0YWdlLnJlY2huZXItc2Vuc29ycy5jb20vd3AtY29udGVudC91cGxvYWRzLzIwMTYvMDUvbWFwbWFya2VyLnBuZycNCgkJCQkJfSk7CWdvb2dsZS5tYXBzLmV2ZW50LmFkZExpc3RlbmVyKG1hcmtlcl9tYXBfNjllNzRjNWZiNTc4OCwgJ2NsaWNrJywgdG9nZ2xlQm91bmNlKTt2YXIgaW5mb3dpbmRvdyA9IG5ldyBnb29nbGUubWFwcy5JbmZvV2luZG93KCk7DQoJCQkJCQkJaW5mb3dpbmRvdy5zZXRDb250ZW50KCc8ZGl2IGNsYXNzPSJtYXBfaW5mb190ZXh0IiBzdHlsZT1cJ2NvbG9yOiMwMDA7XCc+PHN0cm9uZz5SZWNobmVyIEVsZWN0cm9uaWNzIEluZHVzdHJpZXMsIEluYy48L3N0cm9uZz48YnIgLz4gNjMxMSBJbmR1Y29uIENvcnBvcmF0ZSBEcml2ZSwgU3VpdGUgNSw8YnIgLz4gU2FuYm9ybiwgTlkgMTQxMzI8L2Rpdj4nKTtnb29nbGUubWFwcy5ldmVudC5hZGRMaXN0ZW5lcihtYXJrZXJfbWFwXzY5ZTc0YzVmYjU3ODgsICdjbGljaycsIGZ1bmN0aW9uKCkgew0KCQkJCQkJCQlpbmZvd2luZG93Lm9wZW4obWFwX21hcF82OWU3NGM1ZmI1Nzg4LG1hcmtlcl9tYXBfNjllNzRjNWZiNTc4OCk7DQoJCQkJCQkgIAl9KTt9DQoJCQljYXRjaChlKXt9Ow0KCQkJalF1ZXJ5KGRvY3VtZW50KS5yZWFkeShmdW5jdGlvbigkKXsNCgkJCQlnb29nbGUubWFwcy5ldmVudC50cmlnZ2VyKG1hcF9tYXBfNjllNzRjNWZiNTc4OCwgJ3Jlc2l6ZScpOw0KCQkJCSQod2luZG93KS5yZXNpemUoZnVuY3Rpb24oKXsNCgkJCQkJZ29vZ2xlLm1hcHMuZXZlbnQudHJpZ2dlcihtYXBfbWFwXzY5ZTc0YzVmYjU3ODgsICdyZXNpemUnKTsNCgkJCQkJaWYobWFwX21hcF82OWU3NGM1ZmI1Nzg4IT1udWxsKQ0KCQkJCQkJbWFwX21hcF82OWU3NGM1ZmI1Nzg4LnNldENlbnRlcihjb29yZGluYXRlX21hcF82OWU3NGM1ZmI1Nzg4KTsNCgkJCQl9KTsNCgkJCQkkKCcudWktdGFicycpLmJpbmQoJ3RhYnNhY3RpdmF0ZScsIGZ1bmN0aW9uKGV2ZW50LCB1aSkgew0KCQkJCSAgIGlmKCQodGhpcykuZmluZCgnLnVsdGltYXRlLW1hcC13cmFwcGVyJykubGVuZ3RoID4gMCkNCgkJCQkJew0KCQkJCQkJc2V0VGltZW91dChmdW5jdGlvbigpew0KCQkJCQkJCSQod2luZG93KS50cmlnZ2VyKCdyZXNpemUnKTsNCgkJCQkJCX0sMjAwKTsNCgkJCQkJfQ0KCQkJCX0pOw0KCQkJCSQoJy51aS1hY2NvcmRpb24nKS5iaW5kKCdhY2NvcmRpb25hY3RpdmF0ZScsIGZ1bmN0aW9uKGV2ZW50LCB1aSkgew0KCQkJCSAgIGlmKCQodGhpcykuZmluZCgnLnVsdGltYXRlLW1hcC13cmFwcGVyJykubGVuZ3RoID4gMCkNCgkJCQkJew0KCQkJCQkJc2V0VGltZW91dChmdW5jdGlvbigpew0KCQkJCQkJCSQod2luZG93KS50cmlnZ2VyKCdyZXNpemUnKTsNCgkJCQkJCX0sMjAwKTsNCgkJCQkJfQ0KCQkJCX0pOw0KCQkJCSQod2luZG93KS5vbignbG9hZCcsZnVuY3Rpb24oKXsNCgkJCQkJc2V0VGltZW91dChmdW5jdGlvbigpew0KCQkJCQkJJCh3aW5kb3cpLnRyaWdnZXIoJ3Jlc2l6ZScpOw0KCQkJCQl9LDIwMCk7DQoJCQkJfSk7DQoJCQkJJCgnLnVsdF9leHBfc2VjdGlvbicpLnNlbGVjdChmdW5jdGlvbigpew0KCQkJCQlpZigkKG1hcF9tYXBfNjllNzRjNWZiNTc4OCkucGFyZW50cygnLnVsdF9leHBfc2VjdGlvbicpKQ0KCQkJCQl7DQoJCQkJCQlzZXRUaW1lb3V0KGZ1bmN0aW9uKCl7DQoJCQkJCQkJJCh3aW5kb3cpLnRyaWdnZXIoJ3Jlc2l6ZScpOw0KCQkJCQkJfSwyMDApOw0KCQkJCQl9DQoJCQkJfSk7DQoJCQkJJChkb2N1bWVudCkub24oJ29uVVZDTW9kYWxQb3B1cE9wZW4nLCBmdW5jdGlvbigpew0KCQkJCQlpZigkKG1hcF9tYXBfNjllNzRjNWZiNTc4OCkucGFyZW50cygnLnVsdF9tb2RhbC1jb250ZW50JykpDQoJCQkJCXsNCgkJCQkJCXNldFRpbWVvdXQoZnVuY3Rpb24oKXsNCgkJCQkJCQkkKHdpbmRvdykudHJpZ2dlcigncmVzaXplJyk7DQoJCQkJCQl9LDIwMCk7DQoJCQkJCX0NCgkJCQl9KTsNCgkJCQkkKGRvY3VtZW50KS5vbignY2xpY2snLCcudWx0X3RhYl9saScsZnVuY3Rpb24oKXsNCgkJCQkJJCh3aW5kb3cpLnRyaWdnZXIoJ3Jlc2l6ZScpOw0KCQkJCQlzZXRUaW1lb3V0KGZ1bmN0aW9uKCl7DQoJCQkJCQkkKHdpbmRvdykudHJpZ2dlcigncmVzaXplJyk7DQoJCQkJCX0sMjAwKTsNCgkJCQl9KTsNCgkJCX0pOw0KCQkJZnVuY3Rpb24gdG9nZ2xlQm91bmNlKCkgew0KCQkJICBpZiAobWFya2VyX21hcF82OWU3NGM1ZmI1Nzg4LmdldEFuaW1hdGlvbigpICE9IG51bGwpIHsNCgkJCQltYXJrZXJfbWFwXzY5ZTc0YzVmYjU3ODguc2V0QW5pbWF0aW9uKG51bGwpOw0KCQkJICB9IGVsc2Ugew0KCQkJCW1hcmtlcl9tYXBfNjllNzRjNWZiNTc4OC5zZXRBbmltYXRpb24oZ29vZ2xlLm1hcHMuQW5pbWF0aW9uLkJPVU5DRSk7DQoJCQkgIH0NCgkJCX0NCgkJCX0pKGpRdWVyeSk7DQoJCQk8L3NjcmlwdD4=<\/script><\/div><\/div>[\/vc_column][\/vc_row][vc_row full_width=&#8221;stretch_row&#8221;][vc_column][vc_table vc_table_theme=&#8221;classic&#8221;]Ufficio,Email,Telefono,Fax|Informazioni%20generali,contact%40rechner.com,%2B1%20800%205444106,%2B1%20905%206360867[\/vc_table][\/vc_column][\/vc_row]\n<\/div>","protected":false},"excerpt":{"rendered":"<p>[vc_row full_width=&#8221;stretch_row&#8221; el_class=&#8221;lightgrey&#8221;][vc_column width=&#8221;1\/2&#8243;][vc_column_text] Indirizzo Rechner Canada Rechner Automation Inc. 348 Bronte Street South, Unit 11 Milton, ON L9T5B6 Rechner Electronics Industries, Inc. 6311 Inducon Corporate Drive, Suite 5, Sanborn, NY 14132 Telefono: +1 800 5444106 Fax: +1 905 6360867 Website: www.rechner.com[\/vc_column_text][\/vc_column][vc_column width=&#8221;1\/2&#8243;][\/vc_column][\/vc_row][vc_row full_width=&#8221;stretch_row&#8221;][vc_column][vc_table vc_table_theme=&#8221;classic&#8221;]Ufficio,Email,Telefono,Fax|Informazioni%20generali,contact%40rechner.com,%2B1%20800%205444106,%2B1%20905%206360867[\/vc_table][\/vc_column][\/vc_row]<\/p>\n","protected":false},"author":1,"featured_media":0,"parent":51180,"menu_order":1,"comment_status":"closed","ping_status":"closed","template":"","meta":{"_acf_changed":false,"inline_featured_image":false,"footnotes":""},"class_list":["post-51269","page","type-page","status-publish","hentry","entry","post-inner"],"acf":[],"yoast_head":"<!-- This site is optimized with the Yoast SEO plugin v27.0 - https:\/\/yoast.com\/product\/yoast-seo-wordpress\/ -->\n<title>Rechner Canada \/ USA - Rechner Sensors<\/title>\n<meta name=\"robots\" content=\"noindex, follow, max-snippet:-1, max-image-preview:large, max-video-preview:-1\" \/>\n<meta property=\"og:locale\" content=\"it_IT\" \/>\n<meta property=\"og:type\" content=\"article\" \/>\n<meta property=\"og:title\" content=\"Rechner Canada \/ USA - Rechner Sensors\" \/>\n<meta property=\"og:description\" content=\"[vc_row full_width=&#8221;stretch_row&#8221; el_class=&#8221;lightgrey&#8221;][vc_column width=&#8221;1\/2&#8243;][vc_column_text] Indirizzo Rechner Canada Rechner Automation Inc. 348 Bronte Street South, Unit 11 Milton, ON L9T5B6 Rechner Electronics Industries, Inc. 6311 Inducon Corporate Drive, Suite 5, Sanborn, NY 14132 Telefono: +1 800 5444106 Fax: +1 905 6360867 Website: www.rechner.com[\/vc_column_text][\/vc_column][vc_column width=&#8221;1\/2&#8243;][\/vc_column][\/vc_row][vc_row full_width=&#8221;stretch_row&#8221;][vc_column][vc_table vc_table_theme=&#8221;classic&#8221;]Ufficio,Email,Telefono,Fax|Informazioni%20generali,contact%40rechner.com,%2B1%20800%205444106,%2B1%20905%206360867[\/vc_table][\/vc_column][\/vc_row]\" \/>\n<meta property=\"og:url\" content=\"https:\/\/stage.rechner-sensors.com\/it\/contatto\/rechner-canada-usa\" \/>\n<meta property=\"og:site_name\" content=\"Rechner Sensors\" \/>\n<meta property=\"article:modified_time\" content=\"2022-11-28T12:29:42+00:00\" \/>\n<meta name=\"twitter:card\" content=\"summary_large_image\" \/>\n<meta name=\"twitter:label1\" content=\"Tempo di lettura stimato\" \/>\n\t<meta name=\"twitter:data1\" content=\"1 minuto\" \/>\n<script type=\"application\/ld+json\" class=\"yoast-schema-graph\">{\"@context\":\"https:\/\/schema.org\",\"@graph\":[{\"@type\":\"WebPage\",\"@id\":\"https:\/\/stage.rechner-sensors.com\/it\/contatto\/rechner-canada-usa\",\"url\":\"https:\/\/stage.rechner-sensors.com\/it\/contatto\/rechner-canada-usa\",\"name\":\"Rechner Canada \/ USA - Rechner Sensors\",\"isPartOf\":{\"@id\":\"https:\/\/stage.rechner-sensors.com\/it#website\"},\"datePublished\":\"2016-11-18T10:54:31+00:00\",\"dateModified\":\"2022-11-28T12:29:42+00:00\",\"breadcrumb\":{\"@id\":\"https:\/\/stage.rechner-sensors.com\/it\/contatto\/rechner-canada-usa#breadcrumb\"},\"inLanguage\":\"it-IT\",\"potentialAction\":[{\"@type\":\"ReadAction\",\"target\":[\"https:\/\/stage.rechner-sensors.com\/it\/contatto\/rechner-canada-usa\"]}]},{\"@type\":\"BreadcrumbList\",\"@id\":\"https:\/\/stage.rechner-sensors.com\/it\/contatto\/rechner-canada-usa#breadcrumb\",\"itemListElement\":[{\"@type\":\"ListItem\",\"position\":1,\"name\":\"Start\",\"item\":\"https:\/\/stage.rechner-sensors.com\/it\"},{\"@type\":\"ListItem\",\"position\":2,\"name\":\"Contatto\",\"item\":\"https:\/\/stage.rechner-sensors.com\/it\/contatto\"},{\"@type\":\"ListItem\",\"position\":3,\"name\":\"Rechner Canada \/ USA\"}]},{\"@type\":\"WebSite\",\"@id\":\"https:\/\/stage.rechner-sensors.com\/it#website\",\"url\":\"https:\/\/stage.rechner-sensors.com\/it\",\"name\":\"Rechner Sensors\",\"description\":\"[:de]Marktf\u00fchrer in kapazitiver Sensortechnologie und Qualit\u00e4t.[:en]Capacitive Sensors \u2013 for more than 50 years our special field.[:fr]Les capteurs capacitifs \u2013 depuis plus de 50 ans notre c\u0153ur de m\u00e9tier.[:es]Sensores capacitivos - desde m\u00e1s de 50 a\u00f1os nuestro campo de especialidad.[:it]Sensores capacitivos - desde m\u00e1s de 50 a\u00f1os nuestro campo de especialidad.[:]\",\"potentialAction\":[{\"@type\":\"SearchAction\",\"target\":{\"@type\":\"EntryPoint\",\"urlTemplate\":\"https:\/\/stage.rechner-sensors.com\/it?s={search_term_string}\"},\"query-input\":{\"@type\":\"PropertyValueSpecification\",\"valueRequired\":true,\"valueName\":\"search_term_string\"}}],\"inLanguage\":\"it-IT\"}]}<\/script>\n<!-- \/ Yoast SEO plugin. -->","yoast_head_json":{"title":"Rechner Canada \/ USA - Rechner Sensors","robots":{"index":"noindex","follow":"follow","max-snippet":"max-snippet:-1","max-image-preview":"max-image-preview:large","max-video-preview":"max-video-preview:-1"},"og_locale":"it_IT","og_type":"article","og_title":"Rechner Canada \/ USA - Rechner Sensors","og_description":"[vc_row full_width=&#8221;stretch_row&#8221; el_class=&#8221;lightgrey&#8221;][vc_column width=&#8221;1\/2&#8243;][vc_column_text] Indirizzo Rechner Canada Rechner Automation Inc. 348 Bronte Street South, Unit 11 Milton, ON L9T5B6 Rechner Electronics Industries, Inc. 6311 Inducon Corporate Drive, Suite 5, Sanborn, NY 14132 Telefono: +1 800 5444106 Fax: +1 905 6360867 Website: www.rechner.com[\/vc_column_text][\/vc_column][vc_column width=&#8221;1\/2&#8243;][\/vc_column][\/vc_row][vc_row full_width=&#8221;stretch_row&#8221;][vc_column][vc_table vc_table_theme=&#8221;classic&#8221;]Ufficio,Email,Telefono,Fax|Informazioni%20generali,contact%40rechner.com,%2B1%20800%205444106,%2B1%20905%206360867[\/vc_table][\/vc_column][\/vc_row]","og_url":"https:\/\/stage.rechner-sensors.com\/it\/contatto\/rechner-canada-usa","og_site_name":"Rechner Sensors","article_modified_time":"2022-11-28T12:29:42+00:00","twitter_card":"summary_large_image","twitter_misc":{"Tempo di lettura stimato":"1 minuto"},"schema":{"@context":"https:\/\/schema.org","@graph":[{"@type":"WebPage","@id":"https:\/\/stage.rechner-sensors.com\/it\/contatto\/rechner-canada-usa","url":"https:\/\/stage.rechner-sensors.com\/it\/contatto\/rechner-canada-usa","name":"Rechner Canada \/ USA - Rechner Sensors","isPartOf":{"@id":"https:\/\/stage.rechner-sensors.com\/it#website"},"datePublished":"2016-11-18T10:54:31+00:00","dateModified":"2022-11-28T12:29:42+00:00","breadcrumb":{"@id":"https:\/\/stage.rechner-sensors.com\/it\/contatto\/rechner-canada-usa#breadcrumb"},"inLanguage":"it-IT","potentialAction":[{"@type":"ReadAction","target":["https:\/\/stage.rechner-sensors.com\/it\/contatto\/rechner-canada-usa"]}]},{"@type":"BreadcrumbList","@id":"https:\/\/stage.rechner-sensors.com\/it\/contatto\/rechner-canada-usa#breadcrumb","itemListElement":[{"@type":"ListItem","position":1,"name":"Start","item":"https:\/\/stage.rechner-sensors.com\/it"},{"@type":"ListItem","position":2,"name":"Contatto","item":"https:\/\/stage.rechner-sensors.com\/it\/contatto"},{"@type":"ListItem","position":3,"name":"Rechner Canada \/ USA"}]},{"@type":"WebSite","@id":"https:\/\/stage.rechner-sensors.com\/it#website","url":"https:\/\/stage.rechner-sensors.com\/it","name":"Rechner Sensors","description":"[:de]Marktf\u00fchrer in kapazitiver Sensortechnologie und Qualit\u00e4t.[:en]Capacitive Sensors \u2013 for more than 50 years our special field.[:fr]Les capteurs capacitifs \u2013 depuis plus de 50 ans notre c\u0153ur de m\u00e9tier.[:es]Sensores capacitivos - desde m\u00e1s de 50 a\u00f1os nuestro campo de especialidad.[:it]Sensores capacitivos - desde m\u00e1s de 50 a\u00f1os nuestro campo de especialidad.[:]","potentialAction":[{"@type":"SearchAction","target":{"@type":"EntryPoint","urlTemplate":"https:\/\/stage.rechner-sensors.com\/it?s={search_term_string}"},"query-input":{"@type":"PropertyValueSpecification","valueRequired":true,"valueName":"search_term_string"}}],"inLanguage":"it-IT"}]}},"_links":{"self":[{"href":"https:\/\/stage.rechner-sensors.com\/it\/wp-json\/wp\/v2\/pages\/51269","targetHints":{"allow":["GET"]}}],"collection":[{"href":"https:\/\/stage.rechner-sensors.com\/it\/wp-json\/wp\/v2\/pages"}],"about":[{"href":"https:\/\/stage.rechner-sensors.com\/it\/wp-json\/wp\/v2\/types\/page"}],"author":[{"embeddable":true,"href":"https:\/\/stage.rechner-sensors.com\/it\/wp-json\/wp\/v2\/users\/1"}],"replies":[{"embeddable":true,"href":"https:\/\/stage.rechner-sensors.com\/it\/wp-json\/wp\/v2\/comments?post=51269"}],"version-history":[{"count":0,"href":"https:\/\/stage.rechner-sensors.com\/it\/wp-json\/wp\/v2\/pages\/51269\/revisions"}],"up":[{"embeddable":true,"href":"https:\/\/stage.rechner-sensors.com\/it\/wp-json\/wp\/v2\/pages\/51180"}],"wp:attachment":[{"href":"https:\/\/stage.rechner-sensors.com\/it\/wp-json\/wp\/v2\/media?parent=51269"}],"curies":[{"name":"wp","href":"https:\/\/api.w.org\/{rel}","templated":true}]}}