{"id":268916,"date":"2024-10-15T00:00:00","date_gmt":"2024-10-15T00:00:00","guid":{"rendered":""},"modified":"2024-10-15T13:19:16","modified_gmt":"2024-10-15T11:19:16","slug":"KA1365-it_IT","status":"publish","type":"product","link":"https:\/\/stage.rechner-sensors.com\/it\/prodotto\/KA1365-it_IT","title":{"rendered":"KAS-80-26\/113-A-M30-PTFE-Z03-MaG-HP-2G-1\/2D"},"content":{"rendered":"","protected":false},"excerpt":{"rendered":"","protected":false},"featured_media":0,"template":"","meta":{"_acf_changed":false,"inline_featured_image":false},"product_cat":[4764],"product_tag":[],"class_list":{"0":"post-268916","1":"product","2":"type-product","3":"status-publish","5":"product_cat-capacitive_sensors_it_IT","6":"entry","7":"post-inner","9":"first","10":"instock","11":"virtual","12":"product-type-simple"},"acf":{"datenblatt-de":null,"datenblatt-en":null,"datenblatt-fr":null,"datenblatt-es":null,"datenblatt-it":null,"pdf3d-file":null,"step-file":null,"kataloge-zuordnung":"","bedienungsanleitung-zuordnung-1":"79002138_BED_IAS-KAS-ATEX_E157.pdf","bedienungsanleitung-zuordnung-2":"","zertifikate-zuordnung":"","zertifikat-1":"C-ATEX-E-157-DE-EN.pdf","zertifikat-2":"C-IECEx BVS 07.0015.pdf","zertifikat-3":"C-CCC-2020312315000410_IAS-KAS_Ex.pdf","zertifikat-4":"","zertifikat-5":"","declaration_of_conformity_1":"C-EC-Declaration_of_conformity_IAS_KAS_ATEX.pdf","declaration_of_conformity_2":"","artikelzubehoer":"","auswerter":"","sonden":"","auftragssperre":"Ja"},"cp_meta_data":{"_wcml_average_rating":[null],"_wcml_review_count":[null],"_wcml_rating_count":[null],"Label-zertifikat-1":["[certificate_1]"],"zertifikat-1":["C-ATEX-E-157-DE-EN.pdf"],"Label-zertifikat-2":["[certificate_2]"],"zertifikat-2":["C-IECEx BVS 07.0015.pdf"],"Label-zertifikat-3":["[certificate_3]"],"zertifikat-3":["C-CCC-2020312315000410_IAS-KAS_Ex.pdf"],"Label-declaration_of_conformity_1":["[declaration_of_conformity_1]"],"declaration_of_conformity_1":["C-EC-Declaration_of_conformity_IAS_KAS_ATEX.pdf"],"Label-bedienungsanleitung-zuordnung-1":["[operation_manual_1]"],"bedienungsanleitung-zuordnung-1":["79002138_BED_IAS-KAS-ATEX_E157.pdf"],"_sku":["KA1365"],"_stock":["3"],"_manage_stock":["1"],"_regular_price":["342.50"],"_price":["342.50"],"_featured":["no"],"_virtual":["yes"],"_stock_status":["instock"],"_thumbnail_id":[""],"_product_image_gallery":[""],"total_sales":["0"],"_tax_status":["taxable"],"_tax_class":[""],"_backorders":["no"],"_sold_individually":["no"],"_downloadable":["no"],"_download_limit":["-1"],"_download_expiry":["-1"],"_wc_average_rating":[0],"_wc_review_count":["0"],"_product_attributes":["a:28:{s:11:\"pa_standard\";a:6:{s:4:\"name\";s:11:\"pa_standard\";s:5:\"value\";s:0:\"\";s:8:\"position\";i:0;s:10:\"is_visible\";i:0;s:12:\"is_variation\";i:0;s:11:\"is_taxonomy\";i:1;}s:13:\"pa_connection\";a:6:{s:4:\"name\";s:13:\"pa_connection\";s:5:\"value\";s:0:\"\";s:8:\"position\";i:1;s:10:\"is_visible\";i:0;s:12:\"is_variation\";i:0;s:11:\"is_taxonomy\";i:1;}s:14:\"pa_led_display\";a:6:{s:4:\"name\";s:14:\"pa_led_display\";s:5:\"value\";s:0:\"\";s:8:\"position\";i:2;s:10:\"is_visible\";i:0;s:12:\"is_variation\";i:0;s:11:\"is_taxonomy\";i:1;}s:15:\"pa_cable_length\";a:6:{s:4:\"name\";s:15:\"pa_cable_length\";s:5:\"value\";s:0:\"\";s:8:\"position\";i:3;s:10:\"is_visible\";i:0;s:12:\"is_variation\";i:0;s:11:\"is_taxonomy\";i:1;}s:15:\"pa_idle_current\";a:6:{s:4:\"name\";s:15:\"pa_idle_current\";s:5:\"value\";s:0:\"\";s:8:\"position\";i:4;s:10:\"is_visible\";i:0;s:12:\"is_variation\";i:0;s:11:\"is_taxonomy\";i:1;}s:15:\"pa_voltage_type\";a:6:{s:4:\"name\";s:15:\"pa_voltage_type\";s:5:\"value\";s:0:\"\";s:8:\"position\";i:5;s:10:\"is_visible\";i:0;s:12:\"is_variation\";i:0;s:11:\"is_taxonomy\";i:1;}s:16:\"pa_perm_amb_temp\";a:6:{s:4:\"name\";s:16:\"pa_perm_amb_temp\";s:5:\"value\";s:0:\"\";s:8:\"position\";i:6;s:10:\"is_visible\";i:0;s:12:\"is_variation\";i:0;s:11:\"is_taxonomy\";i:1;}s:17:\"pa_execution_plug\";a:6:{s:4:\"name\";s:17:\"pa_execution_plug\";s:5:\"value\";s:0:\"\";s:8:\"position\";i:7;s:10:\"is_visible\";i:0;s:12:\"is_variation\";i:0;s:11:\"is_taxonomy\";i:1;}s:18:\"pa_made_in_germany\";a:6:{s:4:\"name\";s:18:\"pa_made_in_germany\";s:5:\"value\";s:0:\"\";s:8:\"position\";i:8;s:10:\"is_visible\";i:0;s:12:\"is_variation\";i:0;s:11:\"is_taxonomy\";i:1;}s:18:\"pa_media_optimized\";a:6:{s:4:\"name\";s:18:\"pa_media_optimized\";s:5:\"value\";s:0:\"\";s:8:\"position\";i:9;s:10:\"is_visible\";i:0;s:12:\"is_variation\";i:0;s:11:\"is_taxonomy\";i:1;}s:18:\"pa_output_function\";a:6:{s:4:\"name\";s:18:\"pa_output_function\";s:5:\"value\";s:0:\"\";s:8:\"position\";i:10;s:10:\"is_visible\";i:0;s:12:\"is_variation\";i:0;s:11:\"is_taxonomy\";i:1;}s:18:\"pa_quattro_protect\";a:6:{s:4:\"name\";s:18:\"pa_quattro_protect\";s:5:\"value\";s:0:\"\";s:8:\"position\";i:11;s:10:\"is_visible\";i:0;s:12:\"is_variation\";i:0;s:11:\"is_taxonomy\";i:1;}s:18:\"pa_switch_distance\";a:6:{s:4:\"name\";s:18:\"pa_switch_distance\";s:5:\"value\";s:0:\"\";s:8:\"position\";i:12;s:10:\"is_visible\";i:0;s:12:\"is_variation\";i:0;s:11:\"is_taxonomy\";i:1;}s:19:\"pa_housing_material\";a:6:{s:4:\"name\";s:19:\"pa_housing_material\";s:5:\"value\";s:0:\"\";s:8:\"position\";i:13;s:10:\"is_visible\";i:0;s:12:\"is_variation\";i:0;s:11:\"is_taxonomy\";i:1;}s:19:\"pa_protection_class\";a:6:{s:4:\"name\";s:19:\"pa_protection_class\";s:5:\"value\";s:0:\"\";s:8:\"position\";i:14;s:10:\"is_visible\";i:0;s:12:\"is_variation\";i:0;s:11:\"is_taxonomy\";i:1;}s:20:\"pa_atex_approval_gas\";a:6:{s:4:\"name\";s:20:\"pa_atex_approval_gas\";s:5:\"value\";s:0:\"\";s:8:\"position\";i:15;s:10:\"is_visible\";i:0;s:12:\"is_variation\";i:0;s:11:\"is_taxonomy\";i:1;}s:20:\"pa_perm_amb_temp_max\";a:6:{s:4:\"name\";s:20:\"pa_perm_amb_temp_max\";s:5:\"value\";s:0:\"\";s:8:\"position\";i:16;s:10:\"is_visible\";i:0;s:12:\"is_variation\";i:0;s:11:\"is_taxonomy\";i:1;}s:21:\"pa_atex_approval_dust\";a:6:{s:4:\"name\";s:21:\"pa_atex_approval_dust\";s:5:\"value\";s:0:\"\";s:8:\"position\";i:17;s:10:\"is_visible\";i:0;s:12:\"is_variation\";i:0;s:11:\"is_taxonomy\";i:1;}s:21:\"pa_switch_distance_sn\";a:6:{s:4:\"name\";s:21:\"pa_switch_distance_sn\";s:5:\"value\";s:0:\"\";s:8:\"position\";i:18;s:10:\"is_visible\";i:0;s:12:\"is_variation\";i:0;s:11:\"is_taxonomy\";i:1;}s:22:\"pa_housing_material_az\";a:6:{s:4:\"name\";s:22:\"pa_housing_material_az\";s:5:\"value\";s:0:\"\";s:8:\"position\";i:19;s:10:\"is_visible\";i:0;s:12:\"is_variation\";i:0;s:11:\"is_taxonomy\";i:1;}s:22:\"pa_preecess_connection\";a:6:{s:4:\"name\";s:22:\"pa_preecess_connection\";s:5:\"value\";s:0:\"\";s:8:\"position\";i:20;s:10:\"is_visible\";i:0;s:12:\"is_variation\";i:0;s:11:\"is_taxonomy\";i:1;}s:23:\"pa_type_of_installation\";a:6:{s:4:\"name\";s:23:\"pa_type_of_installation\";s:5:\"value\";s:0:\"\";s:8:\"position\";i:21;s:10:\"is_visible\";i:0;s:12:\"is_variation\";i:0;s:11:\"is_taxonomy\";i:1;}s:25:\"pa_atex_product_ident_gas\";a:6:{s:4:\"name\";s:25:\"pa_atex_product_ident_gas\";s:5:\"value\";s:0:\"\";s:8:\"position\";i:22;s:10:\"is_visible\";i:0;s:12:\"is_variation\";i:0;s:11:\"is_taxonomy\";i:1;}s:26:\"pa_atex_product_ident_dust\";a:6:{s:4:\"name\";s:26:\"pa_atex_product_ident_dust\";s:5:\"value\";s:0:\"\";s:8:\"position\";i:23;s:10:\"is_visible\";i:0;s:12:\"is_variation\";i:0;s:11:\"is_taxonomy\";i:1;}s:26:\"pa_switching_frequency_max\";a:6:{s:4:\"name\";s:26:\"pa_switching_frequency_max\";s:5:\"value\";s:0:\"\";s:8:\"position\";i:24;s:10:\"is_visible\";i:0;s:12:\"is_variation\";i:0;s:11:\"is_taxonomy\";i:1;}s:7:\"pa_zone\";a:6:{s:4:\"name\";s:7:\"pa_zone\";s:5:\"value\";s:0:\"\";s:8:\"position\";i:25;s:10:\"is_visible\";i:0;s:12:\"is_variation\";i:0;s:11:\"is_taxonomy\";i:1;}s:16:\"pa_output_signal\";a:6:{s:4:\"name\";s:16:\"pa_output_signal\";s:5:\"value\";s:0:\"\";s:8:\"position\";i:26;s:10:\"is_visible\";i:0;s:12:\"is_variation\";i:0;s:11:\"is_taxonomy\";i:1;}s:28:\"pa_certifications_reguations\";a:6:{s:4:\"name\";s:28:\"pa_certifications_reguations\";s:5:\"value\";s:0:\"\";s:8:\"position\";i:27;s:10:\"is_visible\";i:0;s:12:\"is_variation\";i:0;s:11:\"is_taxonomy\";i:1;}}"],"_product_version":["9.0.2"],"_wc_rating_count":[""]},"yoast_head":"<!-- This site is optimized with the Yoast SEO plugin v27.0 - https:\/\/yoast.com\/product\/yoast-seo-wordpress\/ -->\n<title>KAS-80-26\/113-A-M30-PTFE-Z03-MaG-HP-2G-1\/2D - Rechner Sensors<\/title>\n<meta name=\"robots\" content=\"noindex, follow, max-snippet:-1, max-image-preview:large, max-video-preview:-1\" \/>\n<meta property=\"og:locale\" content=\"it_IT\" \/>\n<meta property=\"og:type\" content=\"article\" \/>\n<meta property=\"og:title\" content=\"KAS-80-26\/113-A-M30-PTFE-Z03-MaG-HP-2G-1\/2D - Rechner Sensors\" \/>\n<meta property=\"og:url\" content=\"https:\/\/stage.rechner-sensors.com\/it\/prodotto\/KA1365-it_IT\" \/>\n<meta property=\"og:site_name\" content=\"Rechner Sensors\" \/>\n<meta property=\"article:modified_time\" content=\"2024-10-15T11:19:16+00:00\" \/>\n<meta name=\"twitter:card\" content=\"summary_large_image\" \/>\n<script type=\"application\/ld+json\" class=\"yoast-schema-graph\">{\"@context\":\"https:\/\/schema.org\",\"@graph\":[{\"@type\":\"WebPage\",\"@id\":\"https:\/\/stage.rechner-sensors.com\/it\/prodotto\/KA1365-it_IT\",\"url\":\"https:\/\/stage.rechner-sensors.com\/it\/prodotto\/KA1365-it_IT\",\"name\":\"KAS-80-26\/113-A-M30-PTFE-Z03-MaG-HP-2G-1\/2D - Rechner Sensors\",\"isPartOf\":{\"@id\":\"https:\/\/stage.rechner-sensors.com\/it#website\"},\"datePublished\":\"2024-10-15T00:00:00+00:00\",\"dateModified\":\"2024-10-15T11:19:16+00:00\",\"breadcrumb\":{\"@id\":\"https:\/\/stage.rechner-sensors.com\/it\/prodotto\/KA1365-it_IT#breadcrumb\"},\"inLanguage\":\"it-IT\",\"potentialAction\":[{\"@type\":\"ReadAction\",\"target\":[\"https:\/\/stage.rechner-sensors.com\/it\/prodotto\/KA1365-it_IT\"]}]},{\"@type\":\"BreadcrumbList\",\"@id\":\"https:\/\/stage.rechner-sensors.com\/it\/prodotto\/KA1365-it_IT#breadcrumb\",\"itemListElement\":[{\"@type\":\"ListItem\",\"position\":1,\"name\":\"Start\",\"item\":\"https:\/\/stage.rechner-sensors.com\/it\"},{\"@type\":\"ListItem\",\"position\":2,\"name\":\"Negozio\",\"item\":\"https:\/\/stage.rechner-sensors.com\/it\/negozio\"},{\"@type\":\"ListItem\",\"position\":3,\"name\":\"KAS-80-26\/113-A-M30-PTFE-Z03-MaG-HP-2G-1\/2D, ATEX\"}]},{\"@type\":\"WebSite\",\"@id\":\"https:\/\/stage.rechner-sensors.com\/it#website\",\"url\":\"https:\/\/stage.rechner-sensors.com\/it\",\"name\":\"Rechner Sensors\",\"description\":\"[:de]Marktf\u00fchrer in kapazitiver Sensortechnologie und Qualit\u00e4t.[:en]Capacitive Sensors \u2013 for more than 50 years our special field.[:fr]Les capteurs capacitifs \u2013 depuis plus de 50 ans notre c\u0153ur de m\u00e9tier.[:es]Sensores capacitivos - desde m\u00e1s de 50 a\u00f1os nuestro campo de especialidad.[:it]Sensores capacitivos - desde m\u00e1s de 50 a\u00f1os nuestro campo de especialidad.[:]\",\"potentialAction\":[{\"@type\":\"SearchAction\",\"target\":{\"@type\":\"EntryPoint\",\"urlTemplate\":\"https:\/\/stage.rechner-sensors.com\/it?s={search_term_string}\"},\"query-input\":{\"@type\":\"PropertyValueSpecification\",\"valueRequired\":true,\"valueName\":\"search_term_string\"}}],\"inLanguage\":\"it-IT\"}]}<\/script>\n<!-- \/ Yoast SEO plugin. -->","yoast_head_json":{"title":"KAS-80-26\/113-A-M30-PTFE-Z03-MaG-HP-2G-1\/2D - Rechner Sensors","robots":{"index":"noindex","follow":"follow","max-snippet":"max-snippet:-1","max-image-preview":"max-image-preview:large","max-video-preview":"max-video-preview:-1"},"og_locale":"it_IT","og_type":"article","og_title":"KAS-80-26\/113-A-M30-PTFE-Z03-MaG-HP-2G-1\/2D - Rechner Sensors","og_url":"https:\/\/stage.rechner-sensors.com\/it\/prodotto\/KA1365-it_IT","og_site_name":"Rechner Sensors","article_modified_time":"2024-10-15T11:19:16+00:00","twitter_card":"summary_large_image","schema":{"@context":"https:\/\/schema.org","@graph":[{"@type":"WebPage","@id":"https:\/\/stage.rechner-sensors.com\/it\/prodotto\/KA1365-it_IT","url":"https:\/\/stage.rechner-sensors.com\/it\/prodotto\/KA1365-it_IT","name":"KAS-80-26\/113-A-M30-PTFE-Z03-MaG-HP-2G-1\/2D - Rechner Sensors","isPartOf":{"@id":"https:\/\/stage.rechner-sensors.com\/it#website"},"datePublished":"2024-10-15T00:00:00+00:00","dateModified":"2024-10-15T11:19:16+00:00","breadcrumb":{"@id":"https:\/\/stage.rechner-sensors.com\/it\/prodotto\/KA1365-it_IT#breadcrumb"},"inLanguage":"it-IT","potentialAction":[{"@type":"ReadAction","target":["https:\/\/stage.rechner-sensors.com\/it\/prodotto\/KA1365-it_IT"]}]},{"@type":"BreadcrumbList","@id":"https:\/\/stage.rechner-sensors.com\/it\/prodotto\/KA1365-it_IT#breadcrumb","itemListElement":[{"@type":"ListItem","position":1,"name":"Start","item":"https:\/\/stage.rechner-sensors.com\/it"},{"@type":"ListItem","position":2,"name":"Negozio","item":"https:\/\/stage.rechner-sensors.com\/it\/negozio"},{"@type":"ListItem","position":3,"name":"KAS-80-26\/113-A-M30-PTFE-Z03-MaG-HP-2G-1\/2D, ATEX"}]},{"@type":"WebSite","@id":"https:\/\/stage.rechner-sensors.com\/it#website","url":"https:\/\/stage.rechner-sensors.com\/it","name":"Rechner Sensors","description":"[:de]Marktf\u00fchrer in kapazitiver Sensortechnologie und Qualit\u00e4t.[:en]Capacitive Sensors \u2013 for more than 50 years our special field.[:fr]Les capteurs capacitifs \u2013 depuis plus de 50 ans notre c\u0153ur de m\u00e9tier.[:es]Sensores capacitivos - desde m\u00e1s de 50 a\u00f1os nuestro campo de especialidad.[:it]Sensores capacitivos - desde m\u00e1s de 50 a\u00f1os nuestro campo de especialidad.[:]","potentialAction":[{"@type":"SearchAction","target":{"@type":"EntryPoint","urlTemplate":"https:\/\/stage.rechner-sensors.com\/it?s={search_term_string}"},"query-input":{"@type":"PropertyValueSpecification","valueRequired":true,"valueName":"search_term_string"}}],"inLanguage":"it-IT"}]}},"_links":{"self":[{"href":"https:\/\/stage.rechner-sensors.com\/it\/wp-json\/wp\/v2\/product\/268916","targetHints":{"allow":["GET"]}}],"collection":[{"href":"https:\/\/stage.rechner-sensors.com\/it\/wp-json\/wp\/v2\/product"}],"about":[{"href":"https:\/\/stage.rechner-sensors.com\/it\/wp-json\/wp\/v2\/types\/product"}],"wp:attachment":[{"href":"https:\/\/stage.rechner-sensors.com\/it\/wp-json\/wp\/v2\/media?parent=268916"}],"wp:term":[{"taxonomy":"product_cat","embeddable":true,"href":"https:\/\/stage.rechner-sensors.com\/it\/wp-json\/wp\/v2\/product_cat?post=268916"},{"taxonomy":"product_tag","embeddable":true,"href":"https:\/\/stage.rechner-sensors.com\/it\/wp-json\/wp\/v2\/product_tag?post=268916"}],"curies":[{"name":"wp","href":"https:\/\/api.w.org\/{rel}","templated":true}]}}